{"id":102,"date":"2017-02-03T18:47:01","date_gmt":"2017-02-03T17:47:01","guid":{"rendered":"http:\/\/asso-riposte.fr\/?page_id=102"},"modified":"2018-01-18T18:11:42","modified_gmt":"2018-01-18T17:11:42","slug":"nos-metiers","status":"publish","type":"page","link":"https:\/\/asso-riposte.fr\/index.php\/nous-rejoindre\/nos-metiers\/","title":{"rendered":"Nos m\u00e9tiers"},"content":{"rendered":"<h2>Agent des services logistiques<\/h2>\n<p><strong>Fonction :<\/strong> Effectuer les travaux de nettoyage et d\u2019entretien des locaux et des surfaces en respectant les proc\u00e9dures d\u00e9finies par l\u2019\u00e9tablissement. Participer aux animations de l\u2019\u00e9tablissement.<br \/>\n<strong>Qualit\u00e9s requises :<\/strong> Respecter les r\u00e8gles de s\u00e9curit\u00e9 et d\u2019hygi\u00e8ne, savoir travailler en \u00e9quipe<\/p>\n<h2>Animateur\/Animatrice<\/h2>\n<p><strong>Fonction :<\/strong> Concevoir et mettre en \u0153uvre un projet d\u2019animation en collaboration avec diff\u00e9rents intervenants. Mettre en place des animations au quotidien afin d\u2019encourager l\u2019expression, la cr\u00e9ativit\u00e9 et l\u2019\u00e9panouissement des personnes.<br \/>\n<strong>Qualit\u00e9s requises :<\/strong> Cr\u00e9ativit\u00e9, go\u00fbt pour la communication et les relations humaines<br \/>\n<strong>Qualification :<\/strong> Brevet d\u2019\u00e9tat d\u2019animateur technicien de l\u2019\u00e9ducation populaire et de la jeunesse \/ Brevet professionnel de la jeunesse et de l\u2019\u00c9ducation sportive<\/p>\n<h2>Assistant(e) social(e)<\/h2>\n<p><strong>Fonction :<\/strong> Intervenir aupr\u00e8s des r\u00e9sidents et de leurs proches connaissant des difficult\u00e9s sociales pour am\u00e9liorer leurs conditions de vie et pr\u00e9venir leurs difficult\u00e9s sociales et m\u00e9dico-sociales, notamment dans le cadre du projet individualis\u00e9. Animer des actions individuelles et collectives<br \/>\n<strong>Qualification :<\/strong> Dipl\u00f4me d\u2019\u00e9tat d\u2019assistant de service social<\/p>\n<h2>Agent d\u2019Accueil<\/h2>\n<p><strong>Fonction :<\/strong> Veiller \u00e0 la s\u00e9curit\u00e9, la tranquillit\u00e9, le bien \u00eatre des personnes accueillies. Encourager les personnes \u00e0 effectuer leurs d\u00e9marches et anime des activit\u00e9s de loisirs \u00e0 caract\u00e8re culturel ou \u00e9ducatif visant \u00e0 favoriser la dynamisation des personnes. Assurer la r\u00e9gulation des groupes.<br \/>\n<strong>Qualit\u00e9s requises :<\/strong> Capacit\u00e9 \u00e0 travailler en \u00e9quipe, ma\u00eetrise de la gestion des conflits, ma\u00eetrise des techniques d\u2019animation, \u00e9coute et observation<br \/>\n<strong>Qualification :<\/strong> Brevet professionnel de la jeunesse, de l\u2019\u00e9ducation populaire et du sport destin\u00e9 \u00e0 remplacer le Brevet d\u2019\u00c9tat d\u2019animateur technicien de l\u2019\u00e9ducation populaire et de la jeunesse<\/p>\n<h2>Chef de Service \u00c9ducatif<\/h2>\n<p><strong>Fonction :<\/strong> Assurer la mise en \u0153uvre des projets d\u2019\u00e9tablissement : organiser, animer, coordonner et soutenir le travail des \u00e9quipes pluridisciplinaires. Piloter et superviser l\u2019\u00e9laboration et l\u2019\u00e9valuation des projets personnalis\u00e9s individuels des personnes accueillies afin de garantir la qualit\u00e9 de la prestation. D\u00e9velopper le partenariat.<br \/>\n<strong>Qualit\u00e9s requises :<\/strong> Capacit\u00e9 d\u2019encadrement. Sens de l\u2019organisation Sens des responsabilit\u00e9s. Qualit\u00e9 r\u00e9dactionnelle<br \/>\n<strong>Qualification :<\/strong> Titulaire du CAFERUIS ou dipl\u00f4me \u00e9quivalent de niveau II avec une exp\u00e9rience significative et r\u00e9ussie en encadrement.<\/p>\n<h2>Comptable<\/h2>\n<p><strong>Fonction :<\/strong> Assure la comptabilit\u00e9, la gestion de la paie et les d\u00e9clarations sociales de l\u2019Association. Suit les dossiers du personnel.<br \/>\n<strong>Qualit\u00e9s requises :<\/strong> Organisation et sens de la responsabilit\u00e9.<br \/>\nQualification : Formation minimum BTS comptable ou DCG<\/p>\n<h2>Conseiller\/ Conseill\u00e8re en \u00e9conomie sociale et familiale<\/h2>\n<p><strong>Fonction :<\/strong> Aider et assister \u00e0 rendre autonome les diff\u00e9rents publics accueillis et rencontrant des difficult\u00e9s d\u2019ordre social ou financier. Mener des projets d\u2019.accompagnement social aupr\u00e8s de ces personnes.<br \/>\n<strong>Qualit\u00e9s requises :<\/strong> sens des contacts et de l\u2019\u00e9coute, solidit\u00e9 psychique, capacit\u00e9s d\u2019adaptation et ouverture d\u2019esprit.<br \/>\n<strong>Qualification :<\/strong> Dipl\u00f4me de conseiller en \u00e9conomie sociale et familiale<\/p>\n<h2>\u00c9ducateur\/\u00c9ducatrice sp\u00e9cialis\u00e9(e)<\/h2>\n<p><strong>Fonction :<\/strong> \u00c9duquer et accompagner, sous l\u2019angle m\u00e9dico-socio-\u00e9ducatif, les personnes pr\u00e9sentant ayant des difficult\u00e9s d\u2019insertion afin de pr\u00e9server et restaurer l\u2019autonomie des r\u00e9sidents accueillis.<br \/>\n<strong>Qualit\u00e9s requises :<\/strong> Capacit\u00e9 d\u2019\u00e9coute et go\u00fbt du travail en \u00e9quipe<br \/>\n<strong>Qualification :<\/strong> Dipl\u00f4me d\u2019\u00c9tat d\u2019\u00e9ducateur sp\u00e9cialis\u00e9 ou \u00e9quivalent<\/p>\n<h2>Infirmier (\u00e8re)<\/h2>\n<p><strong>Fonction :<\/strong> Dispenser des soins infirmiers et accompagner des personnes dans leurs parcours de soins. R\u00e9aliser des actions de pr\u00e9vention, d\u2019\u00e9ducation \u00e0 la sant\u00e9 ou de formation. G\u00e9rer les produits et le mat\u00e9riel n\u00e9cessaires \u00e0 la r\u00e9alisation des soins. Former les futurs professionnels.<br \/>\n<strong>Qualit\u00e9s requises :<\/strong> Rigueur, organisation, go\u00fbt pour le travail d\u2019\u00e9quipe et le contact humain.<br \/>\n<strong>Qualification :<\/strong> Dipl\u00f4me d\u2019\u00c9tat d\u2019infirmier<\/p>\n<h2>Moniteur\/Monitrice- \u00e9ducateur<\/h2>\n<p><strong>Fonction :<\/strong> Intervenir aupr\u00e8s de personnes en difficult\u00e9s sociales. Aider quotidiennement \u00e0 instaurer, restaurer ou pr\u00e9server l\u2019adaptation sociale et l\u2019autonomie de ces personnes Participer \u00e0 l\u2019action \u00e9ducative, \u00e0 l\u2019animation et \u00e0 l\u2019organisation de la vie quotidienne des personnes accueillies en liaison avec les autres professionnels<br \/>\n<strong>Qualit\u00e9s requises :<\/strong> sens et go\u00fbt du contact, capacit\u00e9s d\u2019\u00e9coute, ouverture d\u2019esprit<br \/>\n<strong>Qualification :<\/strong> Dipl\u00f4me d\u2019\u00c9tat de moniteur \u00e9ducateur<\/p>\n<h2>Secr\u00e9taire<\/h2>\n<p><strong>Fonction :<\/strong> assurer l\u2019accueil des visiteurs et le standard t\u00e9l\u00e9phonique. Constituer les dossiers de demande d\u2019admission et suivre l\u2019instruction des dossiers. Effectuer toutes les t\u00e2ches administratives et de facturation<br \/>\n<strong>Qualit\u00e9s requises :<\/strong> faire preuve de disponibilit\u00e9 et d\u2019\u00e9coute vis-\u00e0-vis de ses interlocuteurs.<br \/>\n<strong>Qualification :<\/strong> BAC Secr\u00e9tariat<\/p>\n<p>Nous vous donnons la possibilit\u00e9 de nous rejoindre en d\u00e9posant une candidature spontan\u00e9e sur le formulaire ci-dessous.<br \/>\nNotre \u00e9quipe Ressources Humaines s\u2019engage \u00e0 vous informer de la suite donn\u00e9e \u00e0 votre dossier dans les meilleurs d\u00e9lais.<\/p>\n\n<div class=\"wpcf7 no-js\" id=\"wpcf7-f554-o1\" lang=\"fr-FR\" dir=\"ltr\" data-wpcf7-id=\"554\">\n<div class=\"screen-reader-response\"><p role=\"status\" aria-live=\"polite\" aria-atomic=\"true\"><\/p> <ul><\/ul><\/div>\n<form action=\"\/index.php\/wp-json\/wp\/v2\/pages\/102#wpcf7-f554-o1\" method=\"post\" class=\"wpcf7-form init\" aria-label=\"Formulaire de contact\" novalidate=\"novalidate\" data-status=\"init\">\n<fieldset class=\"hidden-fields-container\"><input type=\"hidden\" name=\"_wpcf7\" value=\"554\" \/><input type=\"hidden\" name=\"_wpcf7_version\" value=\"6.1.5\" \/><input type=\"hidden\" name=\"_wpcf7_locale\" value=\"fr_FR\" \/><input type=\"hidden\" name=\"_wpcf7_unit_tag\" value=\"wpcf7-f554-o1\" \/><input type=\"hidden\" name=\"_wpcf7_container_post\" value=\"0\" \/><input type=\"hidden\" name=\"_wpcf7_posted_data_hash\" value=\"\" \/><input type=\"hidden\" name=\"_cf7a__timestamp\" value=\"8sT\/Ughi75h6XenIj65LsQ==\" \/><input type=\"hidden\" name=\"_cf7a_version\" value=\"1.0\" \/><input type=\"hidden\" name=\"_cf7a_address\" value=\"aZ1wUL\/b1NGXxys4pCUtpg==\" \/><input type=\"hidden\" name=\"_cf7a_referer\" value=\"xfhchAmziXUQtICyEZ7h6Q==\" \/><input type=\"hidden\" name=\"_cf7a_protocol\" value=\"C0gVRNBaYOQfosAeUV1pHQ==\" \/><input type=\"hidden\" name=\"_cf7a_bot_fingerprint\" value=\"8sT\/Ughi75h6XenIj65LsQ==\" \/><input type=\"hidden\" name=\"_cf7a_bot_fingerprint_extras\" \/><input type=\"hidden\" name=\"_cf7a_append_on_submit\" \/>\n<\/fieldset>\n<p><label> Votre nom (obligatoire)<br \/>\n<span class=\"wpcf7-form-control-wrap\" data-name=\"your-name\"><input type=\"text\" name=\"name\" value=\"\" autocomplete=\"fill\" class=\"fit-the-fullspace\" aria-hidden=\"true\" tabindex=\"-1\" \/><input size=\"40\" maxlength=\"400\" class=\"wpcf7-form-control wpcf7-text wpcf7-validates-as-required\" aria-required=\"true\" aria-invalid=\"false\" value=\"\" type=\"text\" name=\"your-name\" \/><\/span> <\/label>\n<\/p>\n<p><label> Votre adresse de messagerie (obligatoire)<br \/>\n<span class=\"wpcf7-form-control-wrap\" data-name=\"your-email\"><input size=\"40\" maxlength=\"400\" class=\"wpcf7-form-control wpcf7-email wpcf7-validates-as-required wpcf7-text wpcf7-validates-as-email\" aria-required=\"true\" aria-invalid=\"false\" value=\"\" type=\"email\" name=\"your-email\" \/><\/span> <\/label>\n<\/p>\n<p><label> Objet<br \/>\n<span class=\"wpcf7-form-control-wrap\" data-name=\"your-subject\"><input size=\"40\" maxlength=\"400\" class=\"wpcf7-form-control wpcf7-text\" aria-invalid=\"false\" value=\"\" type=\"text\" name=\"your-subject\" \/><input type=\"text\" name=\"address\" value=\"\" autocomplete=\"fill\" class=\"fit-the-fullspace\" aria-hidden=\"true\" tabindex=\"-1\" \/><\/span> <\/label>\n<\/p>\n<p><label> Votre motivation<br \/>\n<span class=\"wpcf7-form-control-wrap\" data-name=\"your-message\"><textarea cols=\"40\" rows=\"10\" maxlength=\"2000\" class=\"wpcf7-form-control wpcf7-textarea\" aria-invalid=\"false\" name=\"your-message\"><\/textarea><\/span> <\/label>\n<\/p>\n<p><input class=\"wpcf7-form-control wpcf7-submit has-spinner\" type=\"submit\" value=\"Envoyer\" \/>\n<\/p><div class=\"wpcf7-response-output\" aria-hidden=\"true\"><\/div>\n<\/form>\n<\/div>\n\n","protected":false},"excerpt":{"rendered":"<p>Agent des services logistiques Fonction : Effectuer les travaux de nettoyage et d\u2019entretien des locaux et des surfaces en respectant les proc\u00e9dures d\u00e9finies par l\u2019\u00e9tablissement. Participer aux animations de l\u2019\u00e9tablissement. Qualit\u00e9s requises : Respecter les r\u00e8gles de s\u00e9curit\u00e9 et d\u2019hygi\u00e8ne, savoir travailler en \u00e9quipe Animateur\/Animatrice Fonction : Concevoir et mettre en \u0153uvre un projet d\u2019animation &hellip; <\/p>\n<p class=\"link-more\"><a href=\"https:\/\/asso-riposte.fr\/index.php\/nous-rejoindre\/nos-metiers\/\" class=\"more-link\">Continuer la lecture<span class=\"screen-reader-text\"> de &laquo;&nbsp;Nos m\u00e9tiers&nbsp;&raquo;<\/span><\/a><\/p>\n","protected":false},"author":1,"featured_media":0,"parent":99,"menu_order":0,"comment_status":"closed","ping_status":"closed","template":"","meta":{"footnotes":""},"class_list":["post-102","page","type-page","status-publish","hentry"],"_links":{"self":[{"href":"https:\/\/asso-riposte.fr\/index.php\/wp-json\/wp\/v2\/pages\/102","targetHints":{"allow":["GET"]}}],"collection":[{"href":"https:\/\/asso-riposte.fr\/index.php\/wp-json\/wp\/v2\/pages"}],"about":[{"href":"https:\/\/asso-riposte.fr\/index.php\/wp-json\/wp\/v2\/types\/page"}],"author":[{"embeddable":true,"href":"https:\/\/asso-riposte.fr\/index.php\/wp-json\/wp\/v2\/users\/1"}],"replies":[{"embeddable":true,"href":"https:\/\/asso-riposte.fr\/index.php\/wp-json\/wp\/v2\/comments?post=102"}],"version-history":[{"count":8,"href":"https:\/\/asso-riposte.fr\/index.php\/wp-json\/wp\/v2\/pages\/102\/revisions"}],"predecessor-version":[{"id":555,"href":"https:\/\/asso-riposte.fr\/index.php\/wp-json\/wp\/v2\/pages\/102\/revisions\/555"}],"up":[{"embeddable":true,"href":"https:\/\/asso-riposte.fr\/index.php\/wp-json\/wp\/v2\/pages\/99"}],"wp:attachment":[{"href":"https:\/\/asso-riposte.fr\/index.php\/wp-json\/wp\/v2\/media?parent=102"}],"curies":[{"name":"wp","href":"https:\/\/api.w.org\/{rel}","templated":true}]}}