{"id":33,"date":"2017-02-03T18:07:35","date_gmt":"2017-02-03T17:07:35","guid":{"rendered":"http:\/\/asso-riposte.fr\/?page_id=33"},"modified":"2018-01-04T16:35:56","modified_gmt":"2018-01-04T15:35:56","slug":"association","status":"publish","type":"page","link":"https:\/\/asso-riposte.fr\/index.php\/association\/","title":{"rendered":"L&rsquo;association"},"content":{"rendered":"<p><strong>Humanisme, engagement, militantisme, responsabilisation,<\/strong> bientraitance et<strong>\u00a0 adaptabilit\u00e9<\/strong>, qualifient notre association. <strong>Acteur important sur le Gard Rhodanien <\/strong>depuis 1995, notre projet initial \u00e9tait de <strong>pendre soin des usagers de drogues<\/strong> et, si possible, de <strong>permettre des soins <\/strong>partant du postulat <strong>qu&rsquo;en prenant soin des personnes accueillies<\/strong>, elles pourraient peut-\u00eatre, <strong>soigner le rapport au monde<\/strong>.<\/p>\n<p><img loading=\"lazy\" decoding=\"async\" class=\"alignnone wp-image-491\" src=\"http:\/\/asso-riposte.fr\/wp-content\/uploads\/2017\/02\/DSC_0072-300x200.jpg\" alt=\"\" width=\"252\" height=\"168\" srcset=\"https:\/\/asso-riposte.fr\/wp-content\/uploads\/2017\/02\/DSC_0072-300x200.jpg 300w, https:\/\/asso-riposte.fr\/wp-content\/uploads\/2017\/02\/DSC_0072-768x512.jpg 768w, https:\/\/asso-riposte.fr\/wp-content\/uploads\/2017\/02\/DSC_0072-1024x683.jpg 1024w\" sizes=\"auto, (max-width: 252px) 100vw, 252px\" \/>\u00a0\u00a0<img loading=\"lazy\" decoding=\"async\" class=\"alignnone size-medium wp-image-492\" src=\"http:\/\/asso-riposte.fr\/wp-content\/uploads\/2017\/02\/DSC_0074-300x200.jpg\" alt=\"\" width=\"252\" height=\"168\" srcset=\"https:\/\/asso-riposte.fr\/wp-content\/uploads\/2017\/02\/DSC_0074-300x200.jpg 300w, https:\/\/asso-riposte.fr\/wp-content\/uploads\/2017\/02\/DSC_0074-768x512.jpg 768w, https:\/\/asso-riposte.fr\/wp-content\/uploads\/2017\/02\/DSC_0074-1024x683.jpg 1024w\" sizes=\"auto, (max-width: 252px) 100vw, 252px\" \/><\/p>\n<p>Notre association compos\u00e9e de <strong>professionnels et de b\u00e9n\u00e9voles<\/strong> intervient dans le champs de <strong>l&rsquo;exclusion sociale, la sant\u00e9 et la pr\u00e9vention<\/strong>.<\/p>\n<p><img loading=\"lazy\" decoding=\"async\" class=\"alignnone wp-image-500\" src=\"http:\/\/asso-riposte.fr\/wp-content\/uploads\/2017\/02\/DSC_0075-300x200.jpg\" alt=\"\" width=\"252\" height=\"168\" srcset=\"https:\/\/asso-riposte.fr\/wp-content\/uploads\/2017\/02\/DSC_0075-300x200.jpg 300w, https:\/\/asso-riposte.fr\/wp-content\/uploads\/2017\/02\/DSC_0075-768x512.jpg 768w, https:\/\/asso-riposte.fr\/wp-content\/uploads\/2017\/02\/DSC_0075-1024x683.jpg 1024w\" sizes=\"auto, (max-width: 252px) 100vw, 252px\" \/>  <img loading=\"lazy\" decoding=\"async\" class=\"alignnone size-medium wp-image-501\" src=\"http:\/\/asso-riposte.fr\/wp-content\/uploads\/2017\/02\/DSC_0100-300x200.jpg\" alt=\"\" width=\"252\" height=\"168\" srcset=\"https:\/\/asso-riposte.fr\/wp-content\/uploads\/2017\/02\/DSC_0100-300x200.jpg 300w, https:\/\/asso-riposte.fr\/wp-content\/uploads\/2017\/02\/DSC_0100-768x512.jpg 768w, https:\/\/asso-riposte.fr\/wp-content\/uploads\/2017\/02\/DSC_0100-1024x683.jpg 1024w\" sizes=\"auto, (max-width: 252px) 100vw, 252px\" \/><\/p>\n","protected":false},"excerpt":{"rendered":"<p>Humanisme, engagement, militantisme, responsabilisation, bientraitance et\u00a0 adaptabilit\u00e9, qualifient notre association. Acteur important sur le Gard Rhodanien depuis 1995, notre projet initial \u00e9tait de pendre soin des usagers de drogues et, si possible, de permettre des soins partant du postulat qu&rsquo;en prenant soin des personnes accueillies, elles pourraient peut-\u00eatre, soigner le rapport au monde. \u00a0\u00a0 Notre &hellip; <\/p>\n<p class=\"link-more\"><a href=\"https:\/\/asso-riposte.fr\/index.php\/association\/\" class=\"more-link\">Continuer la lecture<span class=\"screen-reader-text\"> de &laquo;&nbsp;L&rsquo;association&nbsp;&raquo;<\/span><\/a><\/p>\n","protected":false},"author":1,"featured_media":0,"parent":0,"menu_order":1,"comment_status":"closed","ping_status":"closed","template":"","meta":{"footnotes":""},"class_list":["post-33","page","type-page","status-publish","hentry"],"_links":{"self":[{"href":"https:\/\/asso-riposte.fr\/index.php\/wp-json\/wp\/v2\/pages\/33","targetHints":{"allow":["GET"]}}],"collection":[{"href":"https:\/\/asso-riposte.fr\/index.php\/wp-json\/wp\/v2\/pages"}],"about":[{"href":"https:\/\/asso-riposte.fr\/index.php\/wp-json\/wp\/v2\/types\/page"}],"author":[{"embeddable":true,"href":"https:\/\/asso-riposte.fr\/index.php\/wp-json\/wp\/v2\/users\/1"}],"replies":[{"embeddable":true,"href":"https:\/\/asso-riposte.fr\/index.php\/wp-json\/wp\/v2\/comments?post=33"}],"version-history":[{"count":13,"href":"https:\/\/asso-riposte.fr\/index.php\/wp-json\/wp\/v2\/pages\/33\/revisions"}],"predecessor-version":[{"id":502,"href":"https:\/\/asso-riposte.fr\/index.php\/wp-json\/wp\/v2\/pages\/33\/revisions\/502"}],"wp:attachment":[{"href":"https:\/\/asso-riposte.fr\/index.php\/wp-json\/wp\/v2\/media?parent=33"}],"curies":[{"name":"wp","href":"https:\/\/api.w.org\/{rel}","templated":true}]}}