{"id":38,"date":"2017-02-03T18:10:08","date_gmt":"2017-02-03T17:10:08","guid":{"rendered":"http:\/\/asso-riposte.fr\/?page_id=38"},"modified":"2022-04-19T10:26:54","modified_gmt":"2022-04-19T08:26:54","slug":"son-projet-associatif","status":"publish","type":"page","link":"https:\/\/asso-riposte.fr\/index.php\/association\/son-projet-associatif\/","title":{"rendered":"Son projet associatif"},"content":{"rendered":"<p><a class=\"pdf\" href=\"http:\/\/asso-riposte.fr\/wp-content\/uploads\/2022\/04\/RIPOSTe-Projet-associatif-2021-2026.pdf\" target=\"_blank\" rel=\"noopener noreferrer\">Projet Associatif 2021-2026<\/a><\/p>\n<p><strong><em>Les valeurs port\u00e9es par l\u2019Association explicit\u00e9es conditionnent le positionnement \u00e9ducatif de l\u2019ensemble des membres de l\u2019\u00e9quipe des services. Elles se d\u00e9clinent \u00e0 travers ce que nous appelons les fondements relationnels :<\/em><\/strong><\/p>\n<p>Ainsi la relation d\u2019aide aupr\u00e8s de la personne implique la prise en compte de certaines valeurs essentielles&nbsp; telles&nbsp;:<\/p>\n<ul style=\"padding: 5px 30px;\">\n<li><strong>LE RESPECT <\/strong><strong>:<\/strong> Respect de l\u2019identit\u00e9 de la personne, de ses diff\u00e9rences (culture, histoire, v\u00e9cu\u2026) et de ses choix de vie.<\/li>\n<li><strong>LA PROXIMITE :<\/strong> Est bas\u00e9e sur un rapport de confiance et d\u2019\u00e9galit\u00e9, permet d\u2019\u00e9viter toute relation de domination et d\u2019\u00e9tablir une relation entre adultes.<\/li>\n<li><strong>LA CONFIANCE <\/strong><strong>:<\/strong> Repose sur la valeur donn\u00e9e \u00e0 la parole de l\u2019autre, implique une r\u00e9ciprocit\u00e9 et cr\u00e9dibilise le discours et les actes \u00e9ducatifs.<\/li>\n<li><strong>LA DISPONIBILITE<\/strong> <strong>:<\/strong> A travers l\u2019empathie, l\u2019\u00e9coute et la compr\u00e9hension doivent souligner l\u2019int\u00e9r\u00eat port\u00e9 \u00e0 la personne.<\/li>\n<li><strong>LA TRANSPARENCE <\/strong><strong>:<\/strong> Tout ce qui est dit ou \u00e9crit concernant une personne, quelle qu\u2019en soit la forme (dossier, courriers, r\u00e9unions de synth\u00e8se\u2026), doit \u00eatre communiqu\u00e9 en respectant l\u2019identit\u00e9 de chacun.<\/li>\n<li><strong>LA CONFIDENTIALITE :<\/strong> Toute transmission d\u2019informations doit correspondre \u00e0 un objectif d\u2019aide, se faire dans le respect et prendre en compte le besoin d\u2019intimit\u00e9 de la personne, et respecter les r\u00e8gles d\u00e9ontologiques et le devoir de r\u00e9serve.<\/li>\n<li><strong>L\u2019INDIVIDUALISATION <\/strong><strong>:<\/strong> La relation s\u2019appuie sur des rapports individuels privil\u00e9gi\u00e9s, s\u2019adapte \u00e0 l\u2019interlocuteur, \u00e9vite de standardiser et implique la prise en compte et la ma\u00eetrise de la dimension affective.<\/li>\n<li><strong>L\u2019EXPRESSION <\/strong><strong>:<\/strong> Doit \u00eatre favoris\u00e9e et valoris\u00e9e comme une \u00e9tape dans la r\u00e9solution des difficult\u00e9s, en \u00e9vitant tout jugement. Il s\u2019agit d\u2019\u00e9couter le sens plus que la forme et proposer des modes d\u2019expression multiple (parole, \u00e9criture, expression corporelle\u2026).<\/li>\n<\/ul>\n<p>&nbsp;<\/p>\n","protected":false},"excerpt":{"rendered":"<p>Projet Associatif 2021-2026 Les valeurs port\u00e9es par l\u2019Association explicit\u00e9es conditionnent le positionnement \u00e9ducatif de l\u2019ensemble des membres de l\u2019\u00e9quipe des services. Elles se d\u00e9clinent \u00e0 travers ce que nous appelons les fondements relationnels : Ainsi la relation d\u2019aide aupr\u00e8s de la personne implique la prise en compte de certaines valeurs essentielles&nbsp; telles&nbsp;: LE RESPECT : &hellip; <\/p>\n<p class=\"link-more\"><a href=\"https:\/\/asso-riposte.fr\/index.php\/association\/son-projet-associatif\/\" class=\"more-link\">Continuer la lecture<span class=\"screen-reader-text\"> de &laquo;&nbsp;Son projet associatif&nbsp;&raquo;<\/span><\/a><\/p>\n","protected":false},"author":1,"featured_media":0,"parent":33,"menu_order":0,"comment_status":"closed","ping_status":"closed","template":"","meta":{"footnotes":""},"class_list":["post-38","page","type-page","status-publish","hentry"],"_links":{"self":[{"href":"https:\/\/asso-riposte.fr\/index.php\/wp-json\/wp\/v2\/pages\/38","targetHints":{"allow":["GET"]}}],"collection":[{"href":"https:\/\/asso-riposte.fr\/index.php\/wp-json\/wp\/v2\/pages"}],"about":[{"href":"https:\/\/asso-riposte.fr\/index.php\/wp-json\/wp\/v2\/types\/page"}],"author":[{"embeddable":true,"href":"https:\/\/asso-riposte.fr\/index.php\/wp-json\/wp\/v2\/users\/1"}],"replies":[{"embeddable":true,"href":"https:\/\/asso-riposte.fr\/index.php\/wp-json\/wp\/v2\/comments?post=38"}],"version-history":[{"count":5,"href":"https:\/\/asso-riposte.fr\/index.php\/wp-json\/wp\/v2\/pages\/38\/revisions"}],"predecessor-version":[{"id":687,"href":"https:\/\/asso-riposte.fr\/index.php\/wp-json\/wp\/v2\/pages\/38\/revisions\/687"}],"up":[{"embeddable":true,"href":"https:\/\/asso-riposte.fr\/index.php\/wp-json\/wp\/v2\/pages\/33"}],"wp:attachment":[{"href":"https:\/\/asso-riposte.fr\/index.php\/wp-json\/wp\/v2\/media?parent=38"}],"curies":[{"name":"wp","href":"https:\/\/api.w.org\/{rel}","templated":true}]}}