{"id":399,"date":"2017-12-06T10:00:21","date_gmt":"2017-12-06T09:00:21","guid":{"rendered":"http:\/\/asso-riposte.fr\/?page_id=399"},"modified":"2018-05-17T14:41:22","modified_gmt":"2018-05-17T12:41:22","slug":"le-soutien-technique-au-far-saint-vincent","status":"publish","type":"page","link":"https:\/\/asso-riposte.fr\/index.php\/nos-activites\/pole-social\/le-soutien-technique-au-far-saint-vincent\/","title":{"rendered":"Le soutien technique au FAR Saint Vincent"},"content":{"rendered":"<p>L&rsquo;association a en charge dans le cadre d&rsquo;une convention, l&rsquo;\u00e9valuation, l&rsquo;orientation et l&rsquo;accompagnement social des personnes h\u00e9berg\u00e9es par le FAR Saint Vincent \u00e0 Pont Saint Esprit.<\/p>\n<p>Les \u00e9quipes de RIPOSTe assurent \u00e9galement un soutien technique aupr\u00e8s des b\u00e9n\u00e9voles du FAR Saint Vincent g\u00e9r\u00e9 par la Communaut\u00e9 des B\u00e9atitudes.<\/p>\n<p>Le site de la Communaut\u00e9 :\u00a0<a href=\"http:\/\/pontsaintesprit.wixsite.com\/beatitudes-pontstesp\/properties\" target=\"_blank\">http:\/\/pontsaintesprit.wixsite.com\/beatitudes-pontstesp\/properties<\/a><\/p>\n<p><a href=\"http:\/\/pontsaintesprit.wixsite.com\/beatitudes-pontstesp\/properties\" target=\"_blank\"><br \/>\n<img loading=\"lazy\" decoding=\"async\" class=\"size-thumbnail wp-image-415 aligncenter\" src=\"http:\/\/asso-riposte.fr\/wp-content\/uploads\/2017\/12\/communaut\u00e9-des-beatitudes-150x150.png\" alt=\"\" width=\"150\" height=\"150\" srcset=\"https:\/\/asso-riposte.fr\/wp-content\/uploads\/2017\/12\/communaut\u00e9-des-beatitudes-150x150.png 150w, https:\/\/asso-riposte.fr\/wp-content\/uploads\/2017\/12\/communaut\u00e9-des-beatitudes-100x100.png 100w\" sizes=\"auto, (max-width: 150px) 100vw, 150px\" \/><\/a><\/p>\n","protected":false},"excerpt":{"rendered":"<p>L&rsquo;association a en charge dans le cadre d&rsquo;une convention, l&rsquo;\u00e9valuation, l&rsquo;orientation et l&rsquo;accompagnement social des personnes h\u00e9berg\u00e9es par le FAR Saint Vincent \u00e0 Pont Saint Esprit. Les \u00e9quipes de RIPOSTe assurent \u00e9galement un soutien technique aupr\u00e8s des b\u00e9n\u00e9voles du FAR Saint Vincent g\u00e9r\u00e9 par la Communaut\u00e9 des B\u00e9atitudes. Le site de la Communaut\u00e9 :\u00a0http:\/\/pontsaintesprit.wixsite.com\/beatitudes-pontstesp\/properties<\/p>\n","protected":false},"author":1,"featured_media":0,"parent":54,"menu_order":0,"comment_status":"closed","ping_status":"closed","template":"","meta":{"footnotes":""},"class_list":["post-399","page","type-page","status-publish","hentry"],"_links":{"self":[{"href":"https:\/\/asso-riposte.fr\/index.php\/wp-json\/wp\/v2\/pages\/399","targetHints":{"allow":["GET"]}}],"collection":[{"href":"https:\/\/asso-riposte.fr\/index.php\/wp-json\/wp\/v2\/pages"}],"about":[{"href":"https:\/\/asso-riposte.fr\/index.php\/wp-json\/wp\/v2\/types\/page"}],"author":[{"embeddable":true,"href":"https:\/\/asso-riposte.fr\/index.php\/wp-json\/wp\/v2\/users\/1"}],"replies":[{"embeddable":true,"href":"https:\/\/asso-riposte.fr\/index.php\/wp-json\/wp\/v2\/comments?post=399"}],"version-history":[{"count":6,"href":"https:\/\/asso-riposte.fr\/index.php\/wp-json\/wp\/v2\/pages\/399\/revisions"}],"predecessor-version":[{"id":417,"href":"https:\/\/asso-riposte.fr\/index.php\/wp-json\/wp\/v2\/pages\/399\/revisions\/417"}],"up":[{"embeddable":true,"href":"https:\/\/asso-riposte.fr\/index.php\/wp-json\/wp\/v2\/pages\/54"}],"wp:attachment":[{"href":"https:\/\/asso-riposte.fr\/index.php\/wp-json\/wp\/v2\/media?parent=399"}],"curies":[{"name":"wp","href":"https:\/\/api.w.org\/{rel}","templated":true}]}}