{"id":40,"date":"2017-02-03T18:11:06","date_gmt":"2017-02-03T17:11:06","guid":{"rendered":"http:\/\/asso-riposte.fr\/?page_id=40"},"modified":"2022-09-06T09:38:41","modified_gmt":"2022-09-06T07:38:41","slug":"le-conseil-dadministration","status":"publish","type":"page","link":"https:\/\/asso-riposte.fr\/index.php\/association\/le-conseil-dadministration\/","title":{"rendered":"Le Conseil d&rsquo;administration"},"content":{"rendered":"<table>\n<tbody>\n<tr>\n<th>NOM PR\u00c9NOM<\/th>\n<th>FONCTION<\/th>\n<\/tr>\n<tr>\n<td>Dr Dominique PAG\u00c8S<\/td>\n<td>PR\u00c9SIDENT<\/td>\n<\/tr>\n<tr>\n<td>Dr Bernard GABBAI<\/td>\n<td>VICE PR\u00c9SIDENT<\/td>\n<\/tr>\n<tr>\n<td>Dr G\u00e9rard ALLARD-LATOUR<\/td>\n<td>VICE PR\u00c9SIDENT<\/td>\n<\/tr>\n<tr>\n<td>\u00c9milie MARCE<\/td>\n<td>SECR\u00c9TAIRE<\/td>\n<\/tr>\n<tr>\n<td>G\u00e9rard SAUTEL<\/td>\n<td>TR\u00c9SORIER<\/td>\n<\/tr>\n<tr>\n<td>Denis RIEU<\/td>\n<td>MEMBRE DU BUREAU<\/td>\n<\/tr>\n<tr>\n<td>Bruno TUFFERY<\/td>\n<td>MEMBRE DU BUREAU<\/td>\n<\/tr>\n<tr>\n<td>Bernard P\u00c9PIN<\/td>\n<td>ADMINISTRATEUR<\/td>\n<\/tr>\n<\/tbody>\n<\/table>\n","protected":false},"excerpt":{"rendered":"<p>NOM PR\u00c9NOM FONCTION Dr Dominique PAG\u00c8S PR\u00c9SIDENT Dr Bernard GABBAI VICE PR\u00c9SIDENT Dr G\u00e9rard ALLARD-LATOUR VICE PR\u00c9SIDENT \u00c9milie MARCE SECR\u00c9TAIRE G\u00e9rard SAUTEL TR\u00c9SORIER Denis RIEU MEMBRE DU BUREAU Bruno TUFFERY MEMBRE DU BUREAU Bernard P\u00c9PIN ADMINISTRATEUR<\/p>\n","protected":false},"author":1,"featured_media":0,"parent":33,"menu_order":0,"comment_status":"closed","ping_status":"closed","template":"","meta":{"footnotes":""},"class_list":["post-40","page","type-page","status-publish","hentry"],"_links":{"self":[{"href":"https:\/\/asso-riposte.fr\/index.php\/wp-json\/wp\/v2\/pages\/40","targetHints":{"allow":["GET"]}}],"collection":[{"href":"https:\/\/asso-riposte.fr\/index.php\/wp-json\/wp\/v2\/pages"}],"about":[{"href":"https:\/\/asso-riposte.fr\/index.php\/wp-json\/wp\/v2\/types\/page"}],"author":[{"embeddable":true,"href":"https:\/\/asso-riposte.fr\/index.php\/wp-json\/wp\/v2\/users\/1"}],"replies":[{"embeddable":true,"href":"https:\/\/asso-riposte.fr\/index.php\/wp-json\/wp\/v2\/comments?post=40"}],"version-history":[{"count":8,"href":"https:\/\/asso-riposte.fr\/index.php\/wp-json\/wp\/v2\/pages\/40\/revisions"}],"predecessor-version":[{"id":689,"href":"https:\/\/asso-riposte.fr\/index.php\/wp-json\/wp\/v2\/pages\/40\/revisions\/689"}],"up":[{"embeddable":true,"href":"https:\/\/asso-riposte.fr\/index.php\/wp-json\/wp\/v2\/pages\/33"}],"wp:attachment":[{"href":"https:\/\/asso-riposte.fr\/index.php\/wp-json\/wp\/v2\/media?parent=40"}],"curies":[{"name":"wp","href":"https:\/\/api.w.org\/{rel}","templated":true}]}}