{"id":44,"date":"2017-02-03T18:11:54","date_gmt":"2017-02-03T17:11:54","guid":{"rendered":"http:\/\/asso-riposte.fr\/?page_id=44"},"modified":"2017-11-16T20:23:12","modified_gmt":"2017-11-16T19:23:12","slug":"ses-etablissements","status":"publish","type":"page","link":"https:\/\/asso-riposte.fr\/index.php\/association\/ses-etablissements\/","title":{"rendered":"Ses \u00e9tablissements"},"content":{"rendered":"<pre>T\u00e9l\u00e9charger l'organigramme: <a href=\"http:\/\/asso-riposte.fr\/wp-content\/uploads\/2017\/11\/SERVICES.pdf\">SERVICES<\/a><img loading=\"lazy\" decoding=\"async\" class=\"wp-image-371 aligncenter\" src=\"http:\/\/asso-riposte.fr\/wp-content\/uploads\/2017\/11\/SERVICES-300x212.jpg\" alt=\"\" width=\"434\" height=\"307\" \/><\/pre>\n","protected":false},"excerpt":{"rendered":"<p>T\u00e9l\u00e9charger l&rsquo;organigramme: SERVICES<\/p>\n","protected":false},"author":1,"featured_media":0,"parent":33,"menu_order":0,"comment_status":"closed","ping_status":"closed","template":"","meta":{"footnotes":""},"class_list":["post-44","page","type-page","status-publish","hentry"],"_links":{"self":[{"href":"https:\/\/asso-riposte.fr\/index.php\/wp-json\/wp\/v2\/pages\/44","targetHints":{"allow":["GET"]}}],"collection":[{"href":"https:\/\/asso-riposte.fr\/index.php\/wp-json\/wp\/v2\/pages"}],"about":[{"href":"https:\/\/asso-riposte.fr\/index.php\/wp-json\/wp\/v2\/types\/page"}],"author":[{"embeddable":true,"href":"https:\/\/asso-riposte.fr\/index.php\/wp-json\/wp\/v2\/users\/1"}],"replies":[{"embeddable":true,"href":"https:\/\/asso-riposte.fr\/index.php\/wp-json\/wp\/v2\/comments?post=44"}],"version-history":[{"count":5,"href":"https:\/\/asso-riposte.fr\/index.php\/wp-json\/wp\/v2\/pages\/44\/revisions"}],"predecessor-version":[{"id":378,"href":"https:\/\/asso-riposte.fr\/index.php\/wp-json\/wp\/v2\/pages\/44\/revisions\/378"}],"up":[{"embeddable":true,"href":"https:\/\/asso-riposte.fr\/index.php\/wp-json\/wp\/v2\/pages\/33"}],"wp:attachment":[{"href":"https:\/\/asso-riposte.fr\/index.php\/wp-json\/wp\/v2\/media?parent=44"}],"curies":[{"name":"wp","href":"https:\/\/api.w.org\/{rel}","templated":true}]}}