{"id":51,"date":"2017-02-03T18:22:34","date_gmt":"2017-02-03T17:22:34","guid":{"rendered":"http:\/\/asso-riposte.fr\/?page_id=51"},"modified":"2024-02-28T15:10:27","modified_gmt":"2024-02-28T14:10:27","slug":"nos-activites","status":"publish","type":"page","link":"https:\/\/asso-riposte.fr\/index.php\/nos-activites\/","title":{"rendered":"Nos Activit\u00e9s"},"content":{"rendered":"<p><img loading=\"lazy\" decoding=\"async\" class=\"wp-image-505 aligncenter\" src=\"http:\/\/asso-riposte.fr\/wp-content\/uploads\/2017\/02\/DSC_0085-300x200.jpg\" alt=\"\" width=\"572\" height=\"381\" srcset=\"https:\/\/asso-riposte.fr\/wp-content\/uploads\/2017\/02\/DSC_0085-300x200.jpg 300w, https:\/\/asso-riposte.fr\/wp-content\/uploads\/2017\/02\/DSC_0085-768x512.jpg 768w, https:\/\/asso-riposte.fr\/wp-content\/uploads\/2017\/02\/DSC_0085-1024x683.jpg 1024w\" sizes=\"auto, (max-width: 572px) 100vw, 572px\" \/><\/p>\n<p>Dans la dynamique d&rsquo;une<strong> approche syst\u00e9mique<\/strong>, <strong>interdisciplinaire<\/strong> et s&rsquo;appuyant sur les <strong>r\u00e9seaux<\/strong> partenariaux pr\u00e9sents sur le territoire, l&rsquo;association intervient :<\/p>\n<ul style=\"padding: 0 30px;\">\n<li>de la<strong> rue<\/strong> au <strong>logement<\/strong>,<\/li>\n<li>de la <strong>pr\u00e9vention<\/strong> \u00e0 la<strong> sant\u00e9<\/strong>,<\/li>\n<li>de l&rsquo;<strong>enfance<\/strong> \u00e0 l&rsquo;<strong>adulte<\/strong>, en passant par l&rsquo;<strong>adolescence<\/strong>.<\/li>\n<\/ul>\n<p>Dans cette <strong>dynamique de r\u00e9seau<\/strong> l&rsquo;Association a mise en \u0153uvre des <strong>conventions avec la Maison des Alternatives Solidaires et le FAR Saint Vincent<\/strong>.<\/p>\n<p><img loading=\"lazy\" decoding=\"async\" class=\"aligncenter size-medium wp-image-506\" src=\"http:\/\/asso-riposte.fr\/wp-content\/uploads\/2017\/02\/DSC_0086-300x200.jpg\" alt=\"\" width=\"572\" height=\"381\" srcset=\"https:\/\/asso-riposte.fr\/wp-content\/uploads\/2017\/02\/DSC_0086-300x200.jpg 300w, https:\/\/asso-riposte.fr\/wp-content\/uploads\/2017\/02\/DSC_0086-768x512.jpg 768w, https:\/\/asso-riposte.fr\/wp-content\/uploads\/2017\/02\/DSC_0086-1024x683.jpg 1024w\" sizes=\"auto, (max-width: 572px) 100vw, 572px\" \/><\/p>\n<p><a class=\"pdf\" href=\"http:\/\/asso-riposte.fr\/wp-content\/uploads\/2017\/02\/Rapport-dactivit\u00e9-synth\u00e9tique-2017.pdf\" target=\"_blank\" rel=\"noopener noreferrer\">Visualiser le rapport d&rsquo;activit\u00e9 synth\u00e9tique 2017<\/a><\/p>\n","protected":false},"excerpt":{"rendered":"<p>Dans la dynamique d&rsquo;une approche syst\u00e9mique, interdisciplinaire et s&rsquo;appuyant sur les r\u00e9seaux partenariaux pr\u00e9sents sur le territoire, l&rsquo;association intervient : de la rue au logement, de la pr\u00e9vention \u00e0 la sant\u00e9, de l&rsquo;enfance \u00e0 l&rsquo;adulte, en passant par l&rsquo;adolescence. Dans cette dynamique de r\u00e9seau l&rsquo;Association a mise en \u0153uvre des conventions avec la Maison des &hellip; <\/p>\n<p class=\"link-more\"><a href=\"https:\/\/asso-riposte.fr\/index.php\/nos-activites\/\" class=\"more-link\">Continuer la lecture<span class=\"screen-reader-text\"> de &laquo;&nbsp;Nos Activit\u00e9s&nbsp;&raquo;<\/span><\/a><\/p>\n","protected":false},"author":1,"featured_media":0,"parent":0,"menu_order":0,"comment_status":"closed","ping_status":"closed","template":"","meta":{"footnotes":""},"class_list":["post-51","page","type-page","status-publish","hentry"],"_links":{"self":[{"href":"https:\/\/asso-riposte.fr\/index.php\/wp-json\/wp\/v2\/pages\/51","targetHints":{"allow":["GET"]}}],"collection":[{"href":"https:\/\/asso-riposte.fr\/index.php\/wp-json\/wp\/v2\/pages"}],"about":[{"href":"https:\/\/asso-riposte.fr\/index.php\/wp-json\/wp\/v2\/types\/page"}],"author":[{"embeddable":true,"href":"https:\/\/asso-riposte.fr\/index.php\/wp-json\/wp\/v2\/users\/1"}],"replies":[{"embeddable":true,"href":"https:\/\/asso-riposte.fr\/index.php\/wp-json\/wp\/v2\/comments?post=51"}],"version-history":[{"count":11,"href":"https:\/\/asso-riposte.fr\/index.php\/wp-json\/wp\/v2\/pages\/51\/revisions"}],"predecessor-version":[{"id":882,"href":"https:\/\/asso-riposte.fr\/index.php\/wp-json\/wp\/v2\/pages\/51\/revisions\/882"}],"wp:attachment":[{"href":"https:\/\/asso-riposte.fr\/index.php\/wp-json\/wp\/v2\/media?parent=51"}],"curies":[{"name":"wp","href":"https:\/\/api.w.org\/{rel}","templated":true}]}}