{"id":54,"date":"2017-02-03T18:23:14","date_gmt":"2017-02-03T17:23:14","guid":{"rendered":"http:\/\/asso-riposte.fr\/?page_id=54"},"modified":"2024-04-11T15:18:35","modified_gmt":"2024-04-11T13:18:35","slug":"pole-social","status":"publish","type":"page","link":"https:\/\/asso-riposte.fr\/index.php\/nos-activites\/pole-social\/","title":{"rendered":"P\u00f4le Social"},"content":{"rendered":"<p>L&rsquo;association <strong>RIPOSTe<\/strong> s&rsquo;inscrit dans la politique nationale du&nbsp; \u00ab\u00a0<strong>logement d&rsquo;abord<\/strong>\u00ab\u00a0. <strong>Acteur incontournable du Gard Rhodanien<\/strong>, elle accompagne les personnes sans logis <strong>de la rue au logement<\/strong>. Elle est agr\u00e9e pour la <strong>domiciliation<\/strong> des personnes sans r\u00e9sidence stable. Le p\u00f4le Social <strong>g\u00e8re<\/strong> :<\/p>\n<ul style=\"padding: 0 30px;\">\n<li><a href=\"http:\/\/asso-riposte.fr\/index.php\/nos-activites\/pole-social\/les-accueils-de-jour\/\"><img loading=\"lazy\" decoding=\"async\" class=\"alignnone wp-image-511\" style=\"float: right; padding-left: 8px;\" src=\"http:\/\/asso-riposte.fr\/wp-content\/uploads\/2017\/02\/DSC_0119-300x200.jpg\" alt=\"\" width=\"203\" height=\"132\"><\/a><strong><a href=\"http:\/\/asso-riposte.fr\/index.php\/nos-activites\/pole-social\/les-accueils-de-jour\/\">Les accueils de jour<\/a> de<\/strong> Bagnols-sur-C\u00e8ze qui proposent aux personnes sans logis un lieu de repos en journ\u00e9e , une collation et des prestations d&rsquo;hygi\u00e8ne.<\/li>\n<li style=\"margin-top: 30px;\"><a href=\"http:\/\/asso-riposte.fr\/index.php\/nos-activites\/pole-social\/le-saoa-gard-rhodanien\/\"><img loading=\"lazy\" decoding=\"async\" class=\"alignnone size-medium wp-image-514\" style=\"float: left; padding-right: 8px;\" src=\"http:\/\/asso-riposte.fr\/wp-content\/uploads\/2017\/02\/DSC_0123-300x200.jpg\" alt=\"\" width=\"171\" height=\"114\" srcset=\"https:\/\/asso-riposte.fr\/wp-content\/uploads\/2017\/02\/DSC_0123-300x200.jpg 300w, https:\/\/asso-riposte.fr\/wp-content\/uploads\/2017\/02\/DSC_0123-768x512.jpg 768w, https:\/\/asso-riposte.fr\/wp-content\/uploads\/2017\/02\/DSC_0123-1024x683.jpg 1024w\" sizes=\"auto, (max-width: 171px) 100vw, 171px\" \/><\/a><a href=\"http:\/\/asso-riposte.fr\/index.php\/nos-activites\/pole-social\/le-saoa-gard-rhodanien\/\"><strong>LE SAOA<\/strong><\/a> Gard Rhodanien qui propose une orientation vers les dispositifs d&rsquo;h\u00e9bergement,&nbsp; un accompagnement social g\u00e9n\u00e9raliste aux personnes sans r\u00e9sidence stable;<\/li>\n<li style=\"margin-top: 30px;\"><img loading=\"lazy\" decoding=\"async\" class=\"alignnone wp-image-435\" style=\"float: right; padding-left: 8px;\" src=\"http:\/\/asso-riposte.fr\/wp-content\/uploads\/2017\/12\/24059168_1162357037233632_8808821861821949073_n1-300x300.jpg\" alt=\"\" width=\"152\" height=\"148\"><a href=\"http:\/\/asso-riposte.fr\/index.php\/nos-activites\/pole-social\/hebergement-urgence-generaliste\/\"><strong>Les h\u00e9bergements d&rsquo;Urgence<\/strong><\/a> g\u00e9n\u00e9ralistes et pour les <a href=\"http:\/\/asso-riposte.fr\/index.php\/nos-activites\/pole-social\/hebergement-urgence-femmes-victimes-de-violence-conjugale\/\"><strong>Femmes Victimes de Violences Intrafamiliales<\/strong><\/a> proposent une r\u00e9ponse<strong> imm\u00e9diate <\/strong>et<strong> inconditionnelle<\/strong> pour la mise \u00e0 l&rsquo;abri des personnes sans logis,<\/li>\n<li style=\"margin-top: 30px;\"><a href=\"http:\/\/asso-riposte.fr\/index.php\/nos-activites\/pole-social\/la-pension-de-famille-les-bories\/\"><img loading=\"lazy\" decoding=\"async\" class=\"alignnone wp-image-469\" style=\"float: left; padding-right: 8px;\" src=\"http:\/\/asso-riposte.fr\/wp-content\/uploads\/2017\/12\/Photo-Maison-Relais-300x173.png\" alt=\"\" width=\"233\" height=\"131\"><\/a><a href=\"http:\/\/asso-riposte.fr\/index.php\/nos-activites\/pole-social\/la-pension-de-famille-les-bories\/\"><strong>La Pension de Famille \u00ab\u00a0Les Bories\u00a0\u00bb<\/strong><\/a> est un dispositif de<strong> logement adapt\u00e9 et durable<\/strong>. Elle&nbsp; propose un logement personnel, une aide \u00e0 la vie quotidienne et des actions collectives organis\u00e9es par et pour les r\u00e9sidents avec le soutien d&rsquo;un ma\u00eetre de maison.<\/li>\n<\/ul>\n<p><a class=\"pdf\" href=\"http:\/\/asso-riposte.fr\/wp-content\/uploads\/2024\/04\/RA-Pole-Social-2023.pdf\" target=\"_blank\" rel=\"noopener noreferrer\">Visualiser le rapport d&rsquo;activit\u00e9 du P\u00f4le Social 2023<\/a><\/p>\n<p><a class=\"pdf\" href=\"http:\/\/asso-riposte.fr\/wp-content\/uploads\/2023\/10\/RA-GLOBAL-Pole-Social-2022-du-06-04-2023.pdf\" target=\"_blank\" rel=\"noopener noreferrer\">Visualiser le rapport d&rsquo;activit\u00e9 du P\u00f4le Social 2022<\/a><\/p>\n<p><a class=\"pdf\" href=\"http:\/\/asso-riposte.fr\/wp-content\/uploads\/2022\/09\/Rapport-dactivit\u00e9-P\u00f4le-Social-2021.pdf\" target=\"_blank\" rel=\"noopener noreferrer\">Visualiser le rapport d&rsquo;activit\u00e9 du P\u00f4le Social 2021<\/a><\/p>\n<p><a class=\"pdf\" href=\"http:\/\/asso-riposte.fr\/wp-content\/uploads\/2022\/09\/RA-P\u00f4le-social-2020-RIPOSTE.pdf\" target=\"_blank\" rel=\"noopener noreferrer\">Visualiser le rapport d&rsquo;activit\u00e9 du P\u00f4le Social 2020<\/a><\/p>\n","protected":false},"excerpt":{"rendered":"<p>L&rsquo;association RIPOSTe s&rsquo;inscrit dans la politique nationale du&nbsp; \u00ab\u00a0logement d&rsquo;abord\u00ab\u00a0. Acteur incontournable du Gard Rhodanien, elle accompagne les personnes sans logis de la rue au logement. Elle est agr\u00e9e pour la domiciliation des personnes sans r\u00e9sidence stable. Le p\u00f4le Social g\u00e8re : Les accueils de jour de Bagnols-sur-C\u00e8ze qui proposent aux personnes sans logis un &hellip; <\/p>\n<p class=\"link-more\"><a href=\"https:\/\/asso-riposte.fr\/index.php\/nos-activites\/pole-social\/\" class=\"more-link\">Continuer la lecture<span class=\"screen-reader-text\"> de &laquo;&nbsp;P\u00f4le Social&nbsp;&raquo;<\/span><\/a><\/p>\n","protected":false},"author":1,"featured_media":0,"parent":51,"menu_order":0,"comment_status":"closed","ping_status":"closed","template":"","meta":{"footnotes":""},"class_list":["post-54","page","type-page","status-publish","hentry"],"_links":{"self":[{"href":"https:\/\/asso-riposte.fr\/index.php\/wp-json\/wp\/v2\/pages\/54","targetHints":{"allow":["GET"]}}],"collection":[{"href":"https:\/\/asso-riposte.fr\/index.php\/wp-json\/wp\/v2\/pages"}],"about":[{"href":"https:\/\/asso-riposte.fr\/index.php\/wp-json\/wp\/v2\/types\/page"}],"author":[{"embeddable":true,"href":"https:\/\/asso-riposte.fr\/index.php\/wp-json\/wp\/v2\/users\/1"}],"replies":[{"embeddable":true,"href":"https:\/\/asso-riposte.fr\/index.php\/wp-json\/wp\/v2\/comments?post=54"}],"version-history":[{"count":27,"href":"https:\/\/asso-riposte.fr\/index.php\/wp-json\/wp\/v2\/pages\/54\/revisions"}],"predecessor-version":[{"id":904,"href":"https:\/\/asso-riposte.fr\/index.php\/wp-json\/wp\/v2\/pages\/54\/revisions\/904"}],"up":[{"embeddable":true,"href":"https:\/\/asso-riposte.fr\/index.php\/wp-json\/wp\/v2\/pages\/51"}],"wp:attachment":[{"href":"https:\/\/asso-riposte.fr\/index.php\/wp-json\/wp\/v2\/media?parent=54"}],"curies":[{"name":"wp","href":"https:\/\/api.w.org\/{rel}","templated":true}]}}