{"id":57,"date":"2017-02-03T18:24:52","date_gmt":"2017-02-03T17:24:52","guid":{"rendered":"http:\/\/asso-riposte.fr\/?page_id=57"},"modified":"2018-03-28T14:42:18","modified_gmt":"2018-03-28T12:42:18","slug":"pole-sante","status":"publish","type":"page","link":"https:\/\/asso-riposte.fr\/index.php\/nos-activites\/pole-sante\/","title":{"rendered":"P\u00f4le Sant\u00e9"},"content":{"rendered":"<p><strong>L&rsquo;association cr\u00e9\u00e9e, en 1995, par des m\u00e9decins de ville<\/strong>, soucieux de la sant\u00e9 des personnes usag\u00e8res de drogues, animait un R\u00e9seau. Ce r\u00e9seau signifiant \u00e0 l&rsquo;origine<em>\u00ab\u00a0<strong>R<\/strong>\u00e9seau \u00a0<strong>i<\/strong>nterprofessionnel de <strong>P<\/strong>r\u00e9vention et\u00a0 d&rsquo;<strong>O<\/strong>rganisation des\u00a0<strong>S<\/strong>oins aux <strong>T<\/strong>oxicomanes\u00a0\u00bb<\/em> a \u00e9volu\u00e9 en 2015 pour devenir <em>\u00ab\u00a0<strong>\u00a0R<\/strong>\u00e9seau <strong>I<\/strong>nterProfessionnel d&rsquo;<strong>O<\/strong>uverture <strong>S<\/strong>ociale et <strong>Te<\/strong>rritoriale\u00a0\u00bb.\u00a0<\/em> A partir de cette \u00e9volution, le <strong>P\u00f4le Sant\u00e9 s&rsquo;inscrit dans la pr\u00e9vention et dans l&rsquo;accompagnement vers la sant\u00e9<\/strong> et g\u00e8re\u00a0 :<\/p>\n<ul style=\"padding: 0 30px;\">\n<li style=\"margin-top: 30px;\"><a href=\"http:\/\/asso-riposte.fr\/index.php\/nos-activites\/pole-sante\/le-point-ecoute-sante\/\"><img loading=\"lazy\" decoding=\"async\" class=\"alignnone size-medium wp-image-545\" style=\"float: right; padding-left: 8px;\" src=\"http:\/\/asso-riposte.fr\/wp-content\/uploads\/2017\/02\/DSC_0091-300x200.jpg\" alt=\"\" width=\"201\" height=\"147\" \/><\/a><a href=\"http:\/\/asso-riposte.fr\/index.php\/nos-activites\/pole-sante\/le-point-ecoute-sante\/\"><strong>Un Point Ecoute Sant\u00e9<\/strong><\/a> qui accompagne les personnes en difficult\u00e9 par rapport \u00e0 l&rsquo;acc\u00e8s \u00e0 la sant\u00e9, et\/ou en renonciation de soins. Un <strong>soutien social<\/strong> et <strong>psychologique\u00a0<\/strong> y est propos\u00e9.<\/li>\n<li style=\"margin-top: 30px;\"><a href=\"http:\/\/asso-riposte.fr\/index.php\/nos-activites\/pole-sante\/le-caarud\/\"><img loading=\"lazy\" decoding=\"async\" class=\"alignnone wp-image-473\" style=\"float: left; padding-right: 8px;\" src=\"http:\/\/asso-riposte.fr\/wp-content\/uploads\/2017\/12\/17457735_10212402883010914_4549885022738460403_n-300x225.jpg\" alt=\"\" width=\"201\" height=\"147\" \/><\/a><a href=\"http:\/\/asso-riposte.fr\/index.php\/nos-activites\/pole-sante\/le-caarud\/\"><strong>Un CAARUD<\/strong><\/a> qui propose des <strong>actions de pr\u00e9vention<\/strong> pour les usagers de drogues, la <strong>RDR<\/strong> (r\u00e9duction des risques) en pharmacie, des <strong>interventions en milieu festif<\/strong>, ainsi que <strong>l&rsquo;accompagnement m\u00e9dico-social<\/strong> des <strong>usagers de drogues.<\/strong><\/li>\n<\/ul>\n<p><a class=\"pdf\" href=\"http:\/\/asso-riposte.fr\/wp-content\/uploads\/2017\/11\/PROJET-DE-SERVICE-CAARUD.pdf\" target=\"_blank\" rel=\"noopener noreferrer\">Voir le projet de service du CAARUD en pdf<\/a><br \/>\n<a class=\"pdf\" href=\"http:\/\/asso-riposte.fr\/wp-content\/uploads\/2017\/02\/PROJET-DE-SERVICE-CAARUD-INTERVENTION-EN-MILLIEU-FESTIF.pdf\" target=\"_blank\" rel=\"noopener noreferrer\">Voir le projet de service CAARUD &#8211; Intervention en milieu festif<\/a><br \/>\n<a class=\"pdf\" href=\"http:\/\/asso-riposte.fr\/wp-content\/uploads\/2017\/02\/CAARUD-RIPOSTE-PROJET-D-ETABLISSEMENT-PDF-FIN.pdf\" target=\"_blank\">Voir le projet d&rsquo;\u00e9tablissement CAARUD RIPOSTE<\/a><\/p>\n","protected":false},"excerpt":{"rendered":"<p>L&rsquo;association cr\u00e9\u00e9e, en 1995, par des m\u00e9decins de ville, soucieux de la sant\u00e9 des personnes usag\u00e8res de drogues, animait un R\u00e9seau. Ce r\u00e9seau signifiant \u00e0 l&rsquo;origine\u00ab\u00a0R\u00e9seau \u00a0interprofessionnel de Pr\u00e9vention et\u00a0 d&rsquo;Organisation des\u00a0Soins aux Toxicomanes\u00a0\u00bb a \u00e9volu\u00e9 en 2015 pour devenir \u00ab\u00a0\u00a0R\u00e9seau InterProfessionnel d&rsquo;Ouverture Sociale et Territoriale\u00a0\u00bb.\u00a0 A partir de cette \u00e9volution, le P\u00f4le Sant\u00e9 s&rsquo;inscrit &hellip; <\/p>\n<p class=\"link-more\"><a href=\"https:\/\/asso-riposte.fr\/index.php\/nos-activites\/pole-sante\/\" class=\"more-link\">Continuer la lecture<span class=\"screen-reader-text\"> de &laquo;&nbsp;P\u00f4le Sant\u00e9&nbsp;&raquo;<\/span><\/a><\/p>\n","protected":false},"author":1,"featured_media":536,"parent":51,"menu_order":0,"comment_status":"closed","ping_status":"closed","template":"","meta":{"footnotes":""},"class_list":["post-57","page","type-page","status-publish","has-post-thumbnail","hentry"],"_links":{"self":[{"href":"https:\/\/asso-riposte.fr\/index.php\/wp-json\/wp\/v2\/pages\/57","targetHints":{"allow":["GET"]}}],"collection":[{"href":"https:\/\/asso-riposte.fr\/index.php\/wp-json\/wp\/v2\/pages"}],"about":[{"href":"https:\/\/asso-riposte.fr\/index.php\/wp-json\/wp\/v2\/types\/page"}],"author":[{"embeddable":true,"href":"https:\/\/asso-riposte.fr\/index.php\/wp-json\/wp\/v2\/users\/1"}],"replies":[{"embeddable":true,"href":"https:\/\/asso-riposte.fr\/index.php\/wp-json\/wp\/v2\/comments?post=57"}],"version-history":[{"count":21,"href":"https:\/\/asso-riposte.fr\/index.php\/wp-json\/wp\/v2\/pages\/57\/revisions"}],"predecessor-version":[{"id":581,"href":"https:\/\/asso-riposte.fr\/index.php\/wp-json\/wp\/v2\/pages\/57\/revisions\/581"}],"up":[{"embeddable":true,"href":"https:\/\/asso-riposte.fr\/index.php\/wp-json\/wp\/v2\/pages\/51"}],"wp:featuredmedia":[{"embeddable":true,"href":"https:\/\/asso-riposte.fr\/index.php\/wp-json\/wp\/v2\/media\/536"}],"wp:attachment":[{"href":"https:\/\/asso-riposte.fr\/index.php\/wp-json\/wp\/v2\/media?parent=57"}],"curies":[{"name":"wp","href":"https:\/\/api.w.org\/{rel}","templated":true}]}}