{"id":629,"date":"2019-05-08T14:11:36","date_gmt":"2019-05-08T12:11:36","guid":{"rendered":"http:\/\/asso-riposte.fr\/?page_id=629"},"modified":"2024-04-11T16:31:23","modified_gmt":"2024-04-11T14:31:23","slug":"intermediation-locative-iml","status":"publish","type":"page","link":"https:\/\/asso-riposte.fr\/index.php\/intermediation-locative-iml\/","title":{"rendered":"Interm\u00e9diation locative (IML)"},"content":{"rendered":"\n<p>L\u2019inter-M\u00e9diation Locative est un dispositif d\u2019insertion d\u2019une dur\u00e9e de 18 mois maximum, qui permet aux personnes d\u2019acc\u00e9der \u00e0 un logement en sous location (sous r\u00e9serve de crit\u00e8res administratifs et de ressources et pour laquelle le titulaire du bail est l\u2019association gestionnaire) en b\u00e9n\u00e9ficiant d\u2019un accompagnement social global et d\u2019un appui \u00e0 la relation contractuelle. L\u2019association Riposte b\u00e9n\u00e9ficie d\u2019une d\u00e9rogation pr\u00e9fectorale pour mettre en oeuvre le dispositif IML sur le parc priv\u00e9 comme sur le parc public (logement sociaux), le rendant accessible au plus grand nombre. L\u2019orientation s\u2019effectue sur la plateforme num\u00e9rique SISIAO, et concerne les personnes seules et les foyers compos\u00e9s.<\/p>\n\n\n\n<p><a class=\"pdf\" href=\"http:\/\/asso-riposte.fr\/wp-content\/uploads\/2023\/10\/Trifold-IML.pdf\" target=\"_blank\" rel=\"noopener noreferrer\">T\u00e9l\u00e9charger la brochure IML<\/a><\/p>\n\n\n\n<h2>L\u2019ACCOMPAGNEMENT<\/h2>\n\n\n\n<p>L\u2019accompagnement social global peut se d\u00e9cliner autour de trois axes: L\u2019acc\u00e8s au logement : versement du d\u00e9p\u00f4t de garantie et du premier mois de loyer, ouverture des compteurs fluides et mise en place des paiements r\u00e9guliers, \u00e9quipement du logement ; L\u2019accompagnement dans le logement : gestion budg\u00e9taire, compr\u00e9hension des droits et devoirs du locataire, recours au droit commun en cas de difficult\u00e9 ; Le glissement de bail : Sur le parc public, en fin de prise en charge et sous r\u00e9serve de la situation.<\/p>\n\n\n\n<h2>L\u2019\u00c9QUIPE<\/h2>\n<p>L\u2019\u00e9quipe se compose d\u2019un travailleur social d\u00e9di\u00e9 au dispositif d\u2019IML, en charge du suivi social global des personnes accueillies et du lien avec les partenaires orienteurs ; de moniteurs \u00e9ducateurs et moniteurs adjoints d\u2019animation en appui ; d\u2019un agent de maintenance ; d\u2019un chef de service et du directeur de l\u2019association.<\/p>\n\n<h2>LES CRIT\u00c8RES D\u2019ACC\u00c8S<\/h2>\n<p>L\u2019Inter-M\u00e9diation Locative est un dispositif de logement. A ce titre, les personnes qui souhaitent en b\u00e9n\u00e9ficier doivent r\u00e9pondre favorablement \u00e0 un certain nombre de crit\u00e8res, garantissant l\u2019ad\u00e9quation du dispositif \u00e0 leur situation. L\u2019\u00e9tude des candidatures se r\u00e9alise au regard de l\u2019objectif vis\u00e9 : un glissement de bail sur le parc public et un acc\u00e8s en logement autonome sur le parc priv\u00e9.<\/p>\n<ul style=\"padding-left: 30px;\">\n<li>Avoir plus de 18 ans (sans enfant de moins de 3 ans), \u00eatre en situation r\u00e9guli\u00e8re sur le territoire et titulaire d\u2019une pi\u00e8ce d\u2019identit\u00e9 en cours de validit\u00e9<\/li>\n<li>Avoir des ressources p\u00e9rennes (a minima le RSA), \u00eatre en capacit\u00e9 de financer l\u2019acc\u00e8s au logement, d\u2019assumer le paiement d\u2019un loyer et de g\u00e9rer un budget<\/li>\n<li>\u00catre impliqu\u00e9 dans l\u2019accompagnement social global et \u00eatre en capacit\u00e9 de vivre en autonomie<p><\/p>\n<\/li><\/ul>\n\n\n\n<h2>LA PROC\u00c9DURE D\u2019ACC\u00c8S<\/h2>\n<p>Plusieurs \u00e9tapes sont n\u00e9cessaires avant d\u2019acc\u00e9der au dispositif d\u2019Inter-M\u00e9diation Locative (IML)<\/p>\n<ul style=\"padding-left: 30px;\">\n<li>Etape 1 : Un travailleur social r\u00e9alise une orientation IML sur la plateforme SISIAO<\/li>\n<li>Etape 2 : L\u2019orientation est valid\u00e9e par le SIAO30 et transmise aux diff\u00e9rentes structures<\/li>\n<li>Etape 3 : Le dossier est \u00e9tudi\u00e9 par la structure et une proc\u00e9dure de pr\u00e9admission se r\u00e9alise : \u00e9valuation fine de la situation<\/li>\n<li>Etape 4 : La candidature est valid\u00e9e par la structure et l\u2019acc\u00e8s en logement peut se mettre en place<\/li>\n<\/ul>\n<br><br>\n\n\n\n<p><\/p>\n\n\n\n<p><a class=\"pdf\" href=\"http:\/\/asso-riposte.fr\/wp-content\/uploads\/2024\/04\/RA-Pole-Social-2023.pdf\" target=\"_blank\" rel=\"noopener noreferrer\">Visualiser le rapport d&rsquo;activit\u00e9 du P\u00f4le Social 2023<\/a><\/p>\n<p><a class=\"pdf\" href=\"http:\/\/asso-riposte.fr\/wp-content\/uploads\/2023\/10\/RA-GLOBAL-Pole-Social-2022-du-06-04-2023.pdf\" target=\"_blank\" rel=\"noopener noreferrer\">Visualiser le rapport d&rsquo;activit\u00e9 du P\u00f4le Social 2022<\/a><\/p>\n<p><a class=\"pdf\" href=\"http:\/\/asso-riposte.fr\/wp-content\/uploads\/2022\/09\/Rapport-dactivit\u00e9-P\u00f4le-Social-2021.pdf\" target=\"_blank\" rel=\"noopener noreferrer\">Visualiser le rapport d&rsquo;activit\u00e9 du P\u00f4le Social 2021<\/a><\/p>\n<p><a class=\"pdf\" href=\"http:\/\/asso-riposte.fr\/wp-content\/uploads\/2022\/09\/RA-P\u00f4le-social-2020-RIPOSTE.pdf\" target=\"_blank\" rel=\"noopener noreferrer\">Visualiser le rapport d&rsquo;activit\u00e9 du P\u00f4le Social 2020<\/a><\/p>\n<p><a class=\"pdf\" target=\"_blank\" href=\"http:\/\/asso-riposte.fr\/wp-content\/uploads\/2020\/08\/Rapport-dactivit\u00e9-2019-IML-JUIN20-pdf.pdf\" rel=\"noopener noreferrer\">Visualiser le rapport d activit\u00e9 IML 2019<\/a><\/p>\n","protected":false},"excerpt":{"rendered":"<p>L\u2019inter-M\u00e9diation Locative est un dispositif d\u2019insertion d\u2019une dur\u00e9e de 18 mois maximum, qui permet aux personnes d\u2019acc\u00e9der \u00e0 un logement en sous location (sous r\u00e9serve de crit\u00e8res administratifs et de ressources et pour laquelle le titulaire du bail est l\u2019association gestionnaire) en b\u00e9n\u00e9ficiant d\u2019un accompagnement social global et d\u2019un appui \u00e0 la relation contractuelle. L\u2019association &hellip; <\/p>\n<p class=\"link-more\"><a href=\"https:\/\/asso-riposte.fr\/index.php\/intermediation-locative-iml\/\" class=\"more-link\">Continuer la lecture<span class=\"screen-reader-text\"> de &laquo;&nbsp;Interm\u00e9diation locative (IML)&nbsp;&raquo;<\/span><\/a><\/p>\n","protected":false},"author":1,"featured_media":636,"parent":0,"menu_order":0,"comment_status":"closed","ping_status":"closed","template":"","meta":{"footnotes":""},"class_list":["post-629","page","type-page","status-publish","has-post-thumbnail","hentry"],"_links":{"self":[{"href":"https:\/\/asso-riposte.fr\/index.php\/wp-json\/wp\/v2\/pages\/629","targetHints":{"allow":["GET"]}}],"collection":[{"href":"https:\/\/asso-riposte.fr\/index.php\/wp-json\/wp\/v2\/pages"}],"about":[{"href":"https:\/\/asso-riposte.fr\/index.php\/wp-json\/wp\/v2\/types\/page"}],"author":[{"embeddable":true,"href":"https:\/\/asso-riposte.fr\/index.php\/wp-json\/wp\/v2\/users\/1"}],"replies":[{"embeddable":true,"href":"https:\/\/asso-riposte.fr\/index.php\/wp-json\/wp\/v2\/comments?post=629"}],"version-history":[{"count":16,"href":"https:\/\/asso-riposte.fr\/index.php\/wp-json\/wp\/v2\/pages\/629\/revisions"}],"predecessor-version":[{"id":910,"href":"https:\/\/asso-riposte.fr\/index.php\/wp-json\/wp\/v2\/pages\/629\/revisions\/910"}],"wp:featuredmedia":[{"embeddable":true,"href":"https:\/\/asso-riposte.fr\/index.php\/wp-json\/wp\/v2\/media\/636"}],"wp:attachment":[{"href":"https:\/\/asso-riposte.fr\/index.php\/wp-json\/wp\/v2\/media?parent=629"}],"curies":[{"name":"wp","href":"https:\/\/api.w.org\/{rel}","templated":true}]}}