{"id":65,"date":"2017-02-03T18:29:34","date_gmt":"2017-02-03T17:29:34","guid":{"rendered":"http:\/\/asso-riposte.fr\/?page_id=65"},"modified":"2024-04-11T16:29:26","modified_gmt":"2024-04-11T14:29:26","slug":"hebergement-urgence-generaliste","status":"publish","type":"page","link":"https:\/\/asso-riposte.fr\/index.php\/nos-activites\/pole-social\/hebergement-urgence-generaliste\/","title":{"rendered":"L&rsquo;H\u00e9bergement d&rsquo;Urgence G\u00e9n\u00e9raliste"},"content":{"rendered":"<h2>LES MISSIONS<\/h2>\n<p>La mission d\u00e9volue aux centres <strong>d\u2019h\u00e9bergement d\u2019urgence est d\u2019accueillir et d\u2019h\u00e9berger en urgence<\/strong> les personnes \u00e0 la rue et les orienter vers une structure d\u2019insertion.<\/p>\n<p>Le Centre d\u2019 H\u00e9bergement d\u2019Urgence r\u00e9pond dans l\u2019i<strong>mm\u00e9diatet\u00e9<\/strong> et de mani\u00e8re <strong>inconditionnelle<\/strong> \u00e0 un besoin de <strong>mise \u00e0 l\u2019abri<\/strong>, que celui-ci r\u00e9sulte d\u2019une demande spontan\u00e9e ou d\u2019une orientation.<\/p>\n<p>L\u2019h\u00e9bergement r\u00e9pond \u00e0 plusieurs types de besoins, avec des prises en charge adapt\u00e9es :<\/p>\n<ul style=\"padding: 0 30px;\">\n<li>il permet \u00e0 des personnes en difficult\u00e9 sociale de <strong>b\u00e9n\u00e9ficier d\u2019un temps de pause dans leur parcours de vie<\/strong>, dans un environnement \u00ab s\u00e9curisant \u00bb et \u00ab aidant \u00bb. Il <strong>r\u00e9pond aux besoins urgents<\/strong> de la personne (dormir, se laver, se changer, se nourrir\u2026) ;<\/li>\n<li>c\u2019est un <strong>lieu de stabilisation et d\u2019orientation<\/strong>, permettant pour les personnes qui le souhaitent de b\u00e9n\u00e9ficier d\u2019un <strong>accompagnement social adapt\u00e9 et d\u2019initier un parcours vers l\u2019autonomie sociale et l\u2019insertion<\/strong> ;<\/li>\n<li>il peut servir de <strong>d\u00e9pannage ponctuel<\/strong> avant <strong>l\u2019entr\u00e9e dans un autre dispositif<\/strong> d\u2019h\u00e9bergement, de soins ou de logement.<\/li>\n<\/ul>\n<h2>L&rsquo;ORGANISATION<\/h2>\n<p>L\u2019h\u00e9bergement s\u2019effectue en <strong>appartement collectif<\/strong> (1 chambre par personne h\u00e9berg\u00e9 &#8211; WC, Sanitaire, cuisine et s\u00e9jour commun).<br \/>\nLes lieux sont <strong>accessibles 24h sur 24<\/strong> en pleine autonomie dans le cadre du respect du <strong>r\u00e8glement de fonctionnement<\/strong>.<br \/>\nLes visites sont autoris\u00e9es, sous la responsabilit\u00e9 de l\u2019h\u00e9berg\u00e9, de 9h \u00e0 20h.<br \/>\n<strong><em>L\u2019h\u00e9bergement s\u2019effectue dans le cadre de la contractualisation entre l\u2019\u00e9tablissement et l\u2019usager, fixant les obligations r\u00e9ciproques ainsi que la dur\u00e9e du s\u00e9jour.<\/em><\/strong><\/p>\n<h2>LES B\u00c9N\u00c9FICIAIRES<\/h2>\n<p>Le dispositif d\u2019H\u00e9bergement d\u2019Urgence s\u2019adresse \u00e0 toute personne ne disposant pas \u00e0 un moment donn\u00e9 d\u2019un toit et en situation de fragilit\u00e9 et de grande pr\u00e9carit\u00e9. L\u2019accueil est inconditionnel.<\/p>\n<p>L\u2019\u00e9tablissement est ouvert aux isol\u00e9s, hommes ou femmes et aux couples. <strong>L\u2019accueil des animaux de compagnie (hors NAC) peut \u00eatre autoris\u00e9<\/strong>.<\/p>\n<h2>ADMISSION<\/h2>\n<p>L&rsquo;admission s&rsquo;effectue via le <strong>115<\/strong>.<\/p>\n<h2>LA DUR\u00c9E DES S\u00c9JOURS<\/h2>\n<p>La dur\u00e9e est fonction de la r\u00e9orientation propos\u00e9e. Les<strong> s\u00e9jours doivent \u00eatre de courte dur\u00e9e<\/strong>.<\/p>\n<h2>CAPACIT\u00c9<\/h2>\n<p><strong>21 places<\/strong> sur Bagnols-sur-C\u00e8ze et Saint Nazaire<\/p>\n<h2>PARTICIPATION<\/h2>\n<p><strong>13%<\/strong> des revenus<\/p>\n<h2>LES MOYENS<\/h2>\n<p>L\u2019\u00e9quipe est compos\u00e9e de :<\/p>\n<ul style=\"padding: 0 30px;\">\n<li>1 Directeur<\/li>\n<li>1 Chef de Service Educatif<\/li>\n<li>2 Moniteurs adjoint<\/li>\n<li>1 Travailleur Social<\/li>\n<li>1 Ouvrier d\u2019Entretien<\/li>\n<\/ul>\n<h2>CADRE R\u00c9GLEMENTAIRE<\/h2>\n<ul style=\"padding: 0 30px;\">\n<li>Loi n\u00b0 98-657 du 29 juillet 1998 d\u2019orientation, relative \u00e0 la lutte contre les exclusions<\/li>\n<li>La loi 2002-2 du 2 janvier 2002<\/li>\n<li>Loi n\u00b02007-290 du 5 mars 2007 instituant le Droit Au Logement Opposable<\/li>\n<li>Circulaire du 19 mars 2007 portant sur les conditions de prise en charge des personnes h\u00e9berg\u00e9es en Foyer d\u2019H\u00e9bergement d\u2019Urgence<\/li>\n<li>Le R\u00e9f\u00e9rentiel d\u2019Accueil \u2013 H\u00e9bergement- Insertion (AHI) publi\u00e9 en mars 2005<\/li>\n<li>La loi ALUR du 24 mars 2014<\/li>\n<li>Le PDALHPD<\/li>\n<\/ul>\n<p><a class=\"pdf\" href=\"http:\/\/asso-riposte.fr\/wp-content\/uploads\/2024\/04\/RA-Pole-Social-2023.pdf\" target=\"_blank\" rel=\"noopener noreferrer\">Visualiser le rapport d&rsquo;activit\u00e9 du P\u00f4le Social 2023<\/a><\/p>\n<p><a class=\"pdf\" href=\"http:\/\/asso-riposte.fr\/wp-content\/uploads\/2023\/10\/RA-GLOBAL-Pole-Social-2022-du-06-04-2023.pdf\" target=\"_blank\" rel=\"noopener noreferrer\">Visualiser le rapport d&rsquo;activit\u00e9 du P\u00f4le Social 2022<\/a><\/p>\n<p><a class=\"pdf\" href=\"http:\/\/asso-riposte.fr\/wp-content\/uploads\/2022\/09\/Rapport-dactivit\u00e9-P\u00f4le-Social-2021.pdf\" target=\"_blank\" rel=\"noopener noreferrer\">Visualiser le rapport d&rsquo;activit\u00e9 du P\u00f4le Social 2021<\/a><\/p>\n<p><a class=\"pdf\" href=\"http:\/\/asso-riposte.fr\/wp-content\/uploads\/2022\/09\/RA-P\u00f4le-social-2020-RIPOSTE.pdf\" target=\"_blank\" rel=\"noopener noreferrer\">Visualiser le rapport d&rsquo;activit\u00e9 du P\u00f4le Social 2020<\/a><\/p>\n<p><a class=\"pdf\" href=\"http:\/\/asso-riposte.fr\/wp-content\/uploads\/2020\/08\/Rapport-dactivit\u00e9-2019-HUG-_HUFVV-JUIN20-pdf.pdf\" target=\"_blank\" rel=\"noopener noreferrer\">Visualiser le rapport d&rsquo;activit\u00e9 HU \/ HUFVV 2019<\/a><\/p>\n","protected":false},"excerpt":{"rendered":"<p>LES MISSIONS La mission d\u00e9volue aux centres d\u2019h\u00e9bergement d\u2019urgence est d\u2019accueillir et d\u2019h\u00e9berger en urgence les personnes \u00e0 la rue et les orienter vers une structure d\u2019insertion. Le Centre d\u2019 H\u00e9bergement d\u2019Urgence r\u00e9pond dans l\u2019imm\u00e9diatet\u00e9 et de mani\u00e8re inconditionnelle \u00e0 un besoin de mise \u00e0 l\u2019abri, que celui-ci r\u00e9sulte d\u2019une demande spontan\u00e9e ou d\u2019une orientation. &hellip; <\/p>\n<p class=\"link-more\"><a href=\"https:\/\/asso-riposte.fr\/index.php\/nos-activites\/pole-social\/hebergement-urgence-generaliste\/\" class=\"more-link\">Continuer la lecture<span class=\"screen-reader-text\"> de &laquo;&nbsp;L&rsquo;H\u00e9bergement d&rsquo;Urgence G\u00e9n\u00e9raliste&nbsp;&raquo;<\/span><\/a><\/p>\n","protected":false},"author":1,"featured_media":475,"parent":54,"menu_order":0,"comment_status":"closed","ping_status":"closed","template":"","meta":{"footnotes":""},"class_list":["post-65","page","type-page","status-publish","has-post-thumbnail","hentry"],"_links":{"self":[{"href":"https:\/\/asso-riposte.fr\/index.php\/wp-json\/wp\/v2\/pages\/65","targetHints":{"allow":["GET"]}}],"collection":[{"href":"https:\/\/asso-riposte.fr\/index.php\/wp-json\/wp\/v2\/pages"}],"about":[{"href":"https:\/\/asso-riposte.fr\/index.php\/wp-json\/wp\/v2\/types\/page"}],"author":[{"embeddable":true,"href":"https:\/\/asso-riposte.fr\/index.php\/wp-json\/wp\/v2\/users\/1"}],"replies":[{"embeddable":true,"href":"https:\/\/asso-riposte.fr\/index.php\/wp-json\/wp\/v2\/comments?post=65"}],"version-history":[{"count":14,"href":"https:\/\/asso-riposte.fr\/index.php\/wp-json\/wp\/v2\/pages\/65\/revisions"}],"predecessor-version":[{"id":907,"href":"https:\/\/asso-riposte.fr\/index.php\/wp-json\/wp\/v2\/pages\/65\/revisions\/907"}],"up":[{"embeddable":true,"href":"https:\/\/asso-riposte.fr\/index.php\/wp-json\/wp\/v2\/pages\/54"}],"wp:featuredmedia":[{"embeddable":true,"href":"https:\/\/asso-riposte.fr\/index.php\/wp-json\/wp\/v2\/media\/475"}],"wp:attachment":[{"href":"https:\/\/asso-riposte.fr\/index.php\/wp-json\/wp\/v2\/media?parent=65"}],"curies":[{"name":"wp","href":"https:\/\/api.w.org\/{rel}","templated":true}]}}