{"id":93,"date":"2017-02-03T18:42:51","date_gmt":"2017-02-03T17:42:51","guid":{"rendered":"http:\/\/asso-riposte.fr\/?page_id=93"},"modified":"2017-11-10T20:04:56","modified_gmt":"2017-11-10T19:04:56","slug":"les-actions-en-milieu-scolaire","status":"publish","type":"page","link":"https:\/\/asso-riposte.fr\/index.php\/nos-activites\/pole-jeunesse-famille\/les-actions-en-milieu-scolaire\/","title":{"rendered":"Les Actions en Milieu Scolaire"},"content":{"rendered":"<h1>LES ACTIONS EN MILIEU SCOLAIRE<\/h1>\n<h2>LES OBJECTIFS G\u00c9N\u00c9RAUX<\/h2>\n<p>Ils sont les suivants\u00a0:<\/p>\n<ul style=\"padding: 5px 30px;\">\n<li><strong>Le soutien aux jeunes en difficult\u00e9 dans le parcours scolaire<\/strong>, aux jeunes en rupture ou en voie de rupture avec l\u2019\u00e9cole<\/li>\n<li><strong>Remobilisation des jeunes<\/strong> perturbateurs en grave difficult\u00e9 et n\u00e9cessitant un soutien individualis\u00e9 dans la dur\u00e9e<\/li>\n<li><strong>Pr\u00e9vention de la r\u00e9cidive<\/strong> \u00e0 l\u2019\u00e9gard des primo-d\u00e9linquants, et des incivilit\u00e9s en milieu scolaire.<\/li>\n<li><strong>M\u00e9diation<\/strong> dans le champ scolaire<\/li>\n<\/ul>\n<h2>LES OBJECTIFS OP\u00c9RATIONNELS<\/h2>\n<p>Ils se d\u00e9clinent en fonction des actions :<\/p>\n<h3><strong>Groupe d\u2019expression libre<\/strong><\/h3>\n<ul style=\"padding: 5px 30px;\">\n<li>Cr\u00e9ation d\u2019un<strong> lieu de parole<\/strong> \u00e0 l\u2019int\u00e9rieur d\u2019un \u00e9tablissement scolaire dans lequel la parole, encadr\u00e9e par un bin\u00f4me \u00e9ducatif, est libre et anonyme.<\/li>\n<li><strong>Redonner confiance<\/strong> au jeune dans ses capacit\u00e9s en lui renvoyant une image positive de ce qu\u2019il est ou de ce qu\u2019il pourrait devenir,<\/li>\n<li>Assurer une <strong>fonction de relais<\/strong> et de <strong>m\u00e9diation<\/strong> entre les jeunes<\/li>\n<\/ul>\n<h3><strong>Dispositif relais du coll\u00e8ge du Bosque<\/strong>t<\/h3>\n<ul style=\"padding: 5px 30px;\">\n<li><strong>Remotiver<\/strong> l\u2019\u00e9l\u00e8ve en situation de d\u00e9crochage scolaire et proposer un accompagnement personnalis\u00e9, conforter un choix d\u2019orientation professionnelle<\/li>\n<li><strong>favoriser et donner du sens<\/strong> aux acquisitions scolaires, redonner confiance et estime en soi, d\u00e9velopper sa comp\u00e9tence \u00e0 vivre avec les autres<\/li>\n<\/ul>\n<h3><strong>Accompagnement des coll\u00e9giens temporairement exclus (ACTE)<\/strong><\/h3>\n<ul style=\"padding: 5px 30px;\">\n<li><strong>Faire du temps d\u2019exclusion<\/strong> (8 jours maximum) un <strong>temps de prise de conscience<\/strong> par le jeune de la responsabilit\u00e9 de ses actes<\/li>\n<li><strong>Pr\u00e9veni<\/strong>r le d\u00e9crochage scolaire<\/li>\n<li><strong>\u00c9viter<\/strong> que les jeunes exclus temporairement<strong> soient dans la rue<\/strong><\/li>\n<li><strong>Provoquer un lien<\/strong> avec le Service de Pr\u00e9vention Sp\u00e9cialis\u00e9e dans un objectif d\u2019accompagnement au-del\u00e0 du temps de l\u2019exclusion<\/li>\n<li><strong>Mobiliser les parents<\/strong> \u00e0 travers le Programme de R\u00e9ussite \u00c9ducative.<\/li>\n<\/ul>\n<h2>D\u00c9ROULEMENT DES ACTIONS<\/h2>\n<p>Cela peut se d\u00e9cliner de plusieurs mani\u00e8res, interventions ponctuelles, interventions r\u00e9guli\u00e8res, travail dans l\u2019\u00e9tablissement, travail hors de l\u2019\u00e9tablissement&#8230;<\/p>\n<p><strong>Il s\u2019agit des jeunes soumis \u00e0 l\u2019obligation d\u2019instruction<\/strong> ou, pour les plus de 16 ans encore scolaris\u00e9s, de ceux qui sont en difficult\u00e9 et doivent pouvoir compter sur l\u2019\u00e9cole pour les aider \u00e0 trouver leur place dans la soci\u00e9t\u00e9.<strong> La pr\u00e9vention sp\u00e9cialis\u00e9e va intervenir entre le jeune et son r\u00e9seau d\u2019appartenance, sa famille et l\u2019\u00e9tablissement scolaire<\/strong>. Les \u00e9ducateurs vont privil\u00e9gier une posture d\u2019\u00e9coute et de compr\u00e9hension en aidant \u00e0 la formulation d\u2019un <strong>engagement r\u00e9ciproque<\/strong> visant \u00e0 donner un maximum de chance au jeune de <strong>s\u2019\u00e9panouir dans sa scolarit\u00e9<\/strong>.<\/p>\n<h3><strong>Groupe d\u2019expression libre<\/strong><\/h3>\n<h4>D\u00e9but de s\u00e9ance<\/h4>\n<p>Les \u00e9ducateurs attendent les jeunes et ferment la porte au 15<sup>\u00e8me<\/sup> \u00a0(on ne peut pas r\u00e9server sa place).<\/p>\n<p>Apr\u00e8s les salutations d\u2019usage, il est, \u00e0 chaque s\u00e9ance, rappel\u00e9 les fondements du groupe de parole qui sont\u00a0:<\/p>\n<ul style=\"padding: 5px 30px;\">\n<li>la libre circulation de la parole,<\/li>\n<li>L\u2019anonymat,<\/li>\n<li>La s\u00e9curisation de la parole par le fait que rien de ce qui sera dit en ces lieux ne sera r\u00e9p\u00e9t\u00e9 au dehors (jeunes et \u00e9ducateurs s\u2019y engagent),<\/li>\n<li>L\u2019obligation faite, de par la loi, de d\u00e9noncer toute suspicion de maltraitance rapport\u00e9e dans la discussion.<\/li>\n<\/ul>\n<h4>D\u00e9roulement de la s\u00e9ance\u00a0:<\/h4>\n<p>Tout sujet peut \u00eatre abord\u00e9 dans le respect d\u2019autrui, de la vie priv\u00e9e et de la politesse.<\/p>\n<p>Ce n\u2019est pas un lieu de r\u00e8glement de compte et donc la courtoisie et la correction sont de rigueur.<\/p>\n<p>Les \u00e9ducateurs sont garants de la s\u00e9curit\u00e9 du lieu, se doivent de prot\u00e9ger les individus et donc d\u2019interrompre tout dysfonctionnement visant \u00e0 mettre en difficult\u00e9 une personne de ce groupe.<\/p>\n<p>La correction veut que l\u2019endroit ne soit pas non plus le r\u00e9cipient d\u2019air des r\u00e9criminations syst\u00e9matiques contre le fonctionnement des professeurs ou des parents.<\/p>\n<h4>Les contenus<\/h4>\n<p>Tous les sujets sont abordables\u00a0: la politique, les grands sujets d\u2019actualit\u00e9 ou de soci\u00e9t\u00e9, la sexualit\u00e9, les drogues, les conduites \u00e0 risque en g\u00e9n\u00e9ral, le plaisir, les loisirs ou les \u00ab\u00a0petits bobos de l\u2019\u00e2me\u00a0\u00bb.<\/p>\n<p>Chaque s\u00e9ance est close et d\u00e9finitive pour pr\u00e9server l\u2019anonymat car les jeunes ne sont pas forc\u00e9ment les m\u00eames \u00e0 chaque fois.<\/p>\n<p><em>De part notre formation et nos engagements professionnels, l\u2019\u00e9quipe\u00a0 signale\u00a0 tout probl\u00e8me grave autour de la maltraitance et oriente le plus souvent possible les jeunes vers les services scolaires tels que assistante sociale, infirmi\u00e8re, CPE ou ext\u00e9rieurs s\u2019il en est besoin.<\/em><\/p>\n<p>L\u2019\u00e9quipe r\u00e9pond \u00e0 toutes les questions qui nous seraient pos\u00e9es par la direction de l\u2019\u00e9tablissement tout privil\u00e9giant de l\u2019anonymat des jeunes.<\/p>\n<h3><strong>Dispositif relais du coll\u00e8ge du Bosquet<\/strong><\/h3>\n<p>Situ\u00e9 au coll\u00e8ge du Bosquet \u00e0 Bagnols-sur-C\u00e8ze, ce dispositif accueille les \u00e9l\u00e8ves sur 2 sessions\u00a0: <strong>7<\/strong> \u00e9l\u00e8ves en classe et<strong> 7<\/strong> \u00e9l\u00e8ves en stage dans le milieu professionnel. <strong>L\u2019admission se fait sur proposition de l\u2019\u00e9tablissement<\/strong> scolaire d\u2019origine et le <strong>dossier est d\u00e9fendu en commission<\/strong> par le r\u00e9f\u00e9rent scolaire. <strong>La prise en charge peut varier de quelques semaines \u00e0 plusieurs mois<\/strong>. L\u2019emploi du temps s\u2019articule autour de 3 temps\u00a0: <strong>accueil et bilans<\/strong>, <strong>parcours personnel<\/strong> avec diff\u00e9rents supports\u00a0: soutien individuel, m\u00e9thodologie, ateliers, (communication, activit\u00e9s culturelles et sportives et d\u2019expression artistiques)<\/p>\n<p><strong>Un contrat p\u00e9dagogique est <\/strong>sign\u00e9 avec l\u2019\u00e9l\u00e8ve, son repr\u00e9sentant l\u00e9gal, son r\u00e9f\u00e9rent scolaire et l\u2019\u00e9quipe du dispositif relais.<\/p>\n<p><strong>L\u2019intervention des \u00e9ducateurs de Pr\u00e9vention Sp\u00e9cialis\u00e9e s\u2019articule selon l\u2019\u00e9valuation<\/strong> r\u00e9alis\u00e9e en amont par l\u2019\u00e9quipe du dispositif relais et \u00e0 la demande de celui-ci. L\u2019action peut s\u2019orienter vers la diffusion du film fait par les jeunes pour la pr\u00e9vention du cannabis, des passages spontan\u00e9s sur les lieux de stage en milieu professionnel, l\u2019animation de groupes d\u2019expression des jeunes ou d\u2019accompagnement individualis\u00e9s selon le besoin.<\/p>\n<h3><strong>Accompagnement des coll\u00e9giens temporairement exclus (ACTE)<\/strong><\/h3>\n<h4>Proposition de prise en charge<\/h4>\n<p><strong>Le chef d\u2019\u00e9tablissement ou un conseiller principal<\/strong> d\u2019\u00e9ducation contacte la pr\u00e9vention sp\u00e9cialis\u00e9e et le service de la PRE afin de proposer une situation. Les \u00e9l\u00e8ves doivent \u00eatre exclus temporairement. Nous sommes contact\u00e9s si les professionnels estiment que notre intervention \u00e0 un sens. Dans la mesure o\u00f9 la situation correspond au dispositif et que nous pouvons prendre en charge le jeune, un portait rapide du jeune ainsi qu\u2019une description de la situation est faite \u00e0 la pr\u00e9vention sp\u00e9cialis\u00e9e afin d\u2019\u00e9laborer un programme.<\/p>\n<p>Les \u00e9ducateurs de la pr\u00e9vention sp\u00e9cialis\u00e9e, les professionnels de la PRE et le coll\u00e8ge se mettent en lien pour d\u00e9cider d\u2019une date de rencontrer avec l\u2019\u00e9l\u00e8ve et la famille.<\/p>\n<h4>Pr\u00e9sentation du dispositif aux parents de l\u2019\u00e9l\u00e8ve avec mise en place d\u2019un programme sp\u00e9cifique de prise en charge<\/h4>\n<p>Un temps est pr\u00e9vu dans l\u2019\u00e9tablissement scolaire pour pr\u00e9senter les professionnels de la PRE et de la pr\u00e9vention sp\u00e9cialis\u00e9e au jeune et \u00e0 la famille. Une proposition de prise en charge est faite avec un programme provisoire \u00e0 la famille. Nous proposons et n\u2019imposons pas le dispositif afin que les familles puissent adh\u00e9rer et afin de respecter la libre adh\u00e9sion de la pr\u00e9vention sp\u00e9cialis\u00e9e.<\/p>\n<p>S\u2019ils adh\u00e8rent, une convention est sign\u00e9e afin de placer l\u2019enfant sous la responsabilit\u00e9 des \u00e9ducateurs pendant le temps de la prise en charge.<\/p>\n<h4>Prise en charge de l\u2019\u00e9l\u00e8ve<\/h4>\n<p>Lors d\u2019une prise en charge, l\u2019\u00e9l\u00e8ve passe une demi-journ\u00e9e \u00e0 la PRE avec au moins un de ses deux parents pendant une heure. Il passe le reste du temps avec un \u00e9ducateur. Plusieurs actions peuvent \u00eatre propos\u00e9es en fonction du profil de l\u2019enfant. Les objectifs sont de ces temps de prise en charge sont\u00a0:<\/p>\n<ul style=\"padding: 5px 30px;\">\n<li><strong>La d\u00e9couverte<\/strong> de diff\u00e9rents m\u00e9tiers<\/li>\n<li><strong>La connaissance<\/strong> des formations diverses<\/li>\n<li><strong>La d\u00e9couverte<\/strong> des lieux d\u2019animations<\/li>\n<li><strong>La d\u00e9couverte<\/strong> du monde associatif et\/ou caritatif<\/li>\n<li><strong>Le partage d\u2019exp\u00e9rience<\/strong> avec d\u2019autres jeunes plus \u00e2g\u00e9s suivis par la pr\u00e9vention sp\u00e9cialis\u00e9e<\/li>\n<\/ul>\n<h4>Bilan<\/h4>\n<p>Suite \u00e0 la prise en charge, un temps de <strong>bilan est effectu\u00e9 au sein de l\u2019\u00e9tablissement scolaire avec la famille<\/strong> o\u00f9 un bilan est fait par chaque partenaire. Le bilan fait par l\u2019\u00e9ducateur de la pr\u00e9vention sp\u00e9cialis\u00e9e a \u00e9t\u00e9 \u00e9crit en accord avec le jeune pendant le temps de prise en charge.<\/p>\n<h2>PUBLIC<\/h2>\n<p>Coll\u00e9giens et Lyc\u00e9ens<\/p>\n<h2>LES MOYENS<\/h2>\n<h3>Groupe d\u2019expression libre<\/h3>\n<ul style=\"padding: 5px 30px;\">\n<li>2 \u00e9ducateurs Sp\u00e9cialis\u00e9s<\/li>\n<li>1 salle mis \u00e0 disposition au sein du lyc\u00e9e ou coll\u00e8ge<\/li>\n<\/ul>\n<h3>Dispositif relais du coll\u00e8ge du Bosquet<\/h3>\n<ul style=\"padding: 5px 30px;\">\n<li>2 \u00e9ducateurs Sp\u00e9cialis\u00e9s assistent en alternance aux r\u00e9unions de l\u2019\u00e9quipe p\u00e9dagogique du coll\u00e8ge en charge de l\u2019action<\/li>\n<\/ul>\n<h3>Accompagnement des coll\u00e9giens temporairement exclus (ACTE)<\/h3>\n<ul style=\"padding: 5px 30px;\">\n<li>0,50 ETP de travailleur social<\/li>\n<\/ul>\n","protected":false},"excerpt":{"rendered":"<p>LES ACTIONS EN MILIEU SCOLAIRE LES OBJECTIFS G\u00c9N\u00c9RAUX Ils sont les suivants\u00a0: Le soutien aux jeunes en difficult\u00e9 dans le parcours scolaire, aux jeunes en rupture ou en voie de rupture avec l\u2019\u00e9cole Remobilisation des jeunes perturbateurs en grave difficult\u00e9 et n\u00e9cessitant un soutien individualis\u00e9 dans la dur\u00e9e Pr\u00e9vention de la r\u00e9cidive \u00e0 l\u2019\u00e9gard des &hellip; <\/p>\n<p class=\"link-more\"><a href=\"https:\/\/asso-riposte.fr\/index.php\/nos-activites\/pole-jeunesse-famille\/les-actions-en-milieu-scolaire\/\" class=\"more-link\">Continuer la lecture<span class=\"screen-reader-text\"> de &laquo;&nbsp;Les Actions en Milieu Scolaire&nbsp;&raquo;<\/span><\/a><\/p>\n","protected":false},"author":1,"featured_media":0,"parent":59,"menu_order":0,"comment_status":"closed","ping_status":"closed","template":"","meta":{"footnotes":""},"class_list":["post-93","page","type-page","status-publish","hentry"],"_links":{"self":[{"href":"https:\/\/asso-riposte.fr\/index.php\/wp-json\/wp\/v2\/pages\/93","targetHints":{"allow":["GET"]}}],"collection":[{"href":"https:\/\/asso-riposte.fr\/index.php\/wp-json\/wp\/v2\/pages"}],"about":[{"href":"https:\/\/asso-riposte.fr\/index.php\/wp-json\/wp\/v2\/types\/page"}],"author":[{"embeddable":true,"href":"https:\/\/asso-riposte.fr\/index.php\/wp-json\/wp\/v2\/users\/1"}],"replies":[{"embeddable":true,"href":"https:\/\/asso-riposte.fr\/index.php\/wp-json\/wp\/v2\/comments?post=93"}],"version-history":[{"count":11,"href":"https:\/\/asso-riposte.fr\/index.php\/wp-json\/wp\/v2\/pages\/93\/revisions"}],"predecessor-version":[{"id":331,"href":"https:\/\/asso-riposte.fr\/index.php\/wp-json\/wp\/v2\/pages\/93\/revisions\/331"}],"up":[{"embeddable":true,"href":"https:\/\/asso-riposte.fr\/index.php\/wp-json\/wp\/v2\/pages\/59"}],"wp:attachment":[{"href":"https:\/\/asso-riposte.fr\/index.php\/wp-json\/wp\/v2\/media?parent=93"}],"curies":[{"name":"wp","href":"https:\/\/api.w.org\/{rel}","templated":true}]}}